{"id":4194,"date":"2019-10-16T16:11:47","date_gmt":"2019-10-16T21:11:47","guid":{"rendered":"https:\/\/celi-quebec.org\/home-2\/"},"modified":"2026-04-23T15:44:21","modified_gmt":"2026-04-23T20:44:21","slug":"accueil","status":"publish","type":"page","link":"https:\/\/celi-quebec.org\/fr\/","title":{"rendered":"Accueil"},"content":{"rendered":"<div class=\"wpb-content-wrapper\"><p>[vc_row type=\u00a0\u00bbvc_default\u00a0\u00bb full_width=\u00a0\u00bbstretch_row_content\u00a0\u00bb content_placement=\u00a0\u00bbmiddle\u00a0\u00bb full_width_row=\u00a0\u00bbtrue\u00a0\u00bb][vc_column width=\u00a0\u00bb1\/2&Prime; css=\u00a0\u00bb.vc_custom_1741497847464{margin-top: 50px !important;margin-right: 70px !important;margin-left: 100px !important;}\u00a0\u00bb offset=\u00a0\u00bbvc_hidden-sm vc_hidden-xs\u00a0\u00bb][vc_column_text css=\u00a0\u00bb\u00a0\u00bb]<\/p>\n<h2>CELI a \u00e9t\u00e9 cr\u00e9\u00e9 en 2021 dans le but de consolider les communaut\u00e9s anglophones du Qu\u00e9bec.<\/h2>\n<p>&nbsp;<\/p>\n<p>Dans le cadre de ce projet quinquennal, CELI propose notamment un programme de subventions et de partenariats communautaires, des \u00e9tudes d&rsquo;actualit\u00e9, des formations continues destin\u00e9es aux professionnels intervenant dans les domaines de l&rsquo;alphab\u00e9tisation en anglais et des comp\u00e9tences de base, ainsi que des initiatives en mati\u00e8re d&#8217;emploi et d&#8217;employabilit\u00e9.<\/p>\n<p>CELI organisera \u00e9galement des forums communautaires multipartites en 2024, 2025 et 2026. Gr\u00e2ce \u00e0 ces initiatives, CELI entend apporter son soutien et mettre en relation les prestataires de services communautaires \u0153uvrant dans ses secteurs cibles au sein des communaut\u00e9s anglophones du Qu\u00e9bec (ESCQ).[\/vc_column_text][\/vc_column][vc_column width=\u00a0\u00bb1\/2&Prime; offset=\u00a0\u00bbvc_hidden-sm vc_hidden-xs\u00a0\u00bb][vc_single_image image=\u00a0\u00bb4212&Prime; img_size=\u00a0\u00bbfull\u00a0\u00bb alignment=\u00a0\u00bbcenter\u00a0\u00bb css=\u00a0\u00bb\u00a0\u00bb][\/vc_column][\/vc_row][vc_row type=\u00a0\u00bbvc_default\u00a0\u00bb full_width=\u00a0\u00bbstretch_row_content\u00a0\u00bb content_placement=\u00a0\u00bbmiddle\u00a0\u00bb full_width_row=\u00a0\u00bbtrue\u00a0\u00bb][vc_column css=\u00a0\u00bb.vc_custom_1741497847464{margin-top: 50px !important;margin-right: 70px !important;margin-left: 100px !important;}\u00a0\u00bb offset=\u00a0\u00bbvc_hidden-sm vc_hidden-xs\u00a0\u00bb][vc_separator color=\u00a0\u00bbcustom\u00a0\u00bb border_width=\u00a0\u00bb3&Prime; css=\u00a0\u00bb.vc_custom_1749662326325{margin-bottom: 0px !important;padding-top: 20px !important;padding-bottom: 20px !important;}\u00a0\u00bb accent_color=\u00a0\u00bb#2A417E\u00a0\u00bb]<div class=\"standard-arrow bullet-top\"><h3 class=\"card-subheader\" style=\"text-align: left; padding-top: 20px; padding-bottom: 20px;\">Nouveaux projets de CELI en 2025-2026<\/h3>\n<p><strong>Literacy Quebec<\/strong>\u00a0et<strong>\u00a0TALQ <\/strong>(anciennement<strong>\u00a0<em>Quebec Community Groups Network<\/em><\/strong>)\u00a0ont le plaisir d\u2019annoncer les b\u00e9n\u00e9ficiaires des subventions communautaires de CELI 2025-2026. Un montant total de 468 000 $ a \u00e9t\u00e9 octroy\u00e9 \u00e0 six organismes communautaires pour des projets visant \u00e0 mettre en \u0153uvre le cadre\u00a0<em>Comp\u00e9tences pour r\u00e9ussir<\/em>\u00a0\u00e0 l\u2019intention des anglophones dans diff\u00e9rentes communaut\u00e9s du Qu\u00e9bec.<\/p>\n<p>Gr\u00e2ce au soutien financier du programme\u00a0<em>Comp\u00e9tences pour r\u00e9ussir<\/em>\u00a0du gouvernement du Canada, CELI apporte son soutien aux prestataires de services communautaires dans les domaines de l\u2019alphab\u00e9tisation en anglais et des comp\u00e9tences de base, de l\u2019employabilit\u00e9 et de l\u2019emploi.<\/p>\n<p>&nbsp;<\/p>\n<p>Les projets s\u00e9lectionn\u00e9s cette ann\u00e9e permettront de renforcer les capacit\u00e9s du secteur communautaire anglophone du Qu\u00e9bec, de cr\u00e9er des partenariats durables et d\u2019offrir aux Qu\u00e9b\u00e9cois anglophones des occasions d\u2019acqu\u00e9rir de nouvelles comp\u00e9tences, autant d\u2019\u00e9l\u00e9ments qui aideront les membres de notre communaut\u00e9 \u00e0 r\u00e9ussir et \u00e0 s\u2019\u00e9panouir tant sur le plan professionnel que personnel. Les six groupes s\u00e9lectionn\u00e9s sont les suivants :<\/p>\n<ul>\n<li><em>ABC Life Literacy Canada<\/em><\/li>\n<li>La biblioth\u00e8que et le centre informatique Atwater<\/li>\n<li>Le comit\u00e9 anglophone d\u2019action sociale<\/li>\n<li>Centre multiculturel de ressources de LaSalle<\/li>\n<li>Alphab\u00e9tisation sans limites<\/li>\n<li>YES Emploi et Entrepreneurship<\/li>\n<\/ul>\n<p>Pour consulter la liste des projets financ\u00e9s pour 2025-2026 ainsi que les projets ant\u00e9rieurs soutenus dans le cadre de l\u2019initiative\u00a0<em>Community Empowered Literacy<\/em>, rendez-vous \u00e0 la section\u00a0<a href=\"https:\/\/celi-quebec.org\/fr\/subventions-communautaires\/\"><em>Subventions communautaires<\/em><\/a>. Veuillez noter que d\u2019autres projets pourraient \u00eatre annonc\u00e9s prochainement. N\u2019h\u00e9sitez pas \u00e0 consulter notre site web afin d\u2019obtenir des mises \u00e0 jour, des nouvelles et des ressources.<\/p>\n<\/div>[\/vc_column][\/vc_row][vc_row type=\u00a0\u00bbvc_default\u00a0\u00bb full_width=\u00a0\u00bbstretch_row_content\u00a0\u00bb content_placement=\u00a0\u00bbmiddle\u00a0\u00bb css=\u00a0\u00bb.vc_custom_1741497922690{padding-bottom: 50px !important;}\u00a0\u00bb][vc_column width=\u00a0\u00bb1\/2&Prime; css=\u00a0\u00bb.vc_custom_1741498185414{margin-top: 50px !important;}\u00a0\u00bb offset=\u00a0\u00bbvc_hidden-lg vc_hidden-md\u00a0\u00bb][vc_single_image image=\u00a0\u00bb4212&Prime; img_size=\u00a0\u00bbfull\u00a0\u00bb alignment=\u00a0\u00bbcenter\u00a0\u00bb css=\u00a0\u00bb\u00a0\u00bb][\/vc_column][vc_column width=\u00a0\u00bb1\/2&Prime; offset=\u00a0\u00bbvc_hidden-lg vc_hidden-md\u00a0\u00bb css=\u00a0\u00bb.vc_custom_1741498109226{padding-top: 50px !important;}\u00a0\u00bb][vc_column_text css=\u00a0\u00bb\u00a0\u00bb]<\/p>\n<h2>CELI was created in 2021 to strengthen the English-Speaking Communities of Quebec.<\/h2>\n<p>&nbsp;<\/p>\n<p>A five-year project, CELI\u2019s work includes a community grants and partnerships funding stream, timely research, professional development for practitioners working in English language literacy and essential skills, and employment and employability.<\/p>\n<p>CELI will also host multi-stakeholder community forums in 2024, 2025, and 2026. Through these efforts, CELI aims to support and connect community-based service providers working in its target sectors across the English-Speaking Communities of Quebec (ESCQ).[\/vc_column_text][vc_separator color=\u00a0\u00bbcustom\u00a0\u00bb border_width=\u00a0\u00bb3&Prime; css=\u00a0\u00bb.vc_custom_1749662326325{margin-bottom: 0px !important;padding-top: 20px !important;padding-bottom: 20px !important;}\u00a0\u00bb accent_color=\u00a0\u00bb#2A417E\u00a0\u00bb]<div class=\"standard-arrow bullet-top\"><h3 class=\"card-subheader\" style=\"text-align: left; padding-top: 20px; padding-bottom: 20px;\">New CELI projects for 2025-2026<\/h3>\n<p class=\"card-subheader\"><strong>Literacy Quebec<\/strong> and <strong>TALQ (formerly the Quebec Community Groups Network)<\/strong> are pleased to announce the recipients of the CELI 2025-2026 Community Grants. A total of $390,000.00 has been awarded to five community organizations for projects that activate the Skills for Success framework for English-speaker in communities across Quebec.<\/p>\n<p>With the financial support of the Government of Canada Office of Skills for Success, CELI champions community-based service providers in the field of English literacy and essential skills, employability, and employment. The projects selected this year will strengthen the capacity of English-speaking Quebec\u2019s community sector, create long-lasting partnerships, and provide English-speaking Quebecers with opportunities to learn new skills, all of which allow members of our community to succeed and thrive in work and life. The five groups selected are:<\/p>\n<ul>\n<li>Atwater Library and Computer Centre<\/li>\n<li>Committee for Anglophone Social Action<\/li>\n<li>LaSalle Multicultural Resource Centre<\/li>\n<li>Literacy Unlimited<\/li>\n<li>YES Employment and Entrepreneurship.<\/li>\n<\/ul>\n<p>To view the list of funded projects for 2025-2026, as well as past projects funded through the Community Empowered Literacy Initiative, visit our \u201c<a href=\"https:\/\/celi-quebec.org\/community-grants\/\">Community Grants<\/a>\u201d section. Please note that more projects may be announced shortly. \u00a0Be sure to visit this website for updates, news, and resources.<\/p>\n<\/div>[\/vc_column][\/vc_row][vc_row][vc_column][\/vc_column][\/vc_row]<\/p>\n<\/div>","protected":false},"excerpt":{"rendered":"<p>[vc_row type=\u00a0\u00bbvc_default\u00a0\u00bb full_width=\u00a0\u00bbstretch_row_content\u00a0\u00bb content_placement=\u00a0\u00bbmiddle\u00a0\u00bb full_width_row=\u00a0\u00bbtrue\u00a0\u00bb][vc_column width=\u00a0\u00bb1\/2&Prime; css=\u00a0\u00bb.vc_custom_1741497847464{margin-top: 50px !important;margin-right: 70px !important;margin-left: 100px !important;}\u00a0\u00bb offset=\u00a0\u00bbvc_hidden-sm vc_hidden-xs\u00a0\u00bb][vc_column_text css=\u00a0\u00bb\u00a0\u00bb] CELI a \u00e9t\u00e9 cr\u00e9\u00e9 en 2021 dans le but de consolider les communaut\u00e9s anglophones du Qu\u00e9bec. &nbsp; Dans le cadre de ce projet quinquennal, CELI propose notamment un programme de subventions et de partenariats communautaires, des \u00e9tudes d&rsquo;actualit\u00e9, des&hellip;<\/p>\n","protected":false},"author":1,"featured_media":0,"parent":0,"menu_order":0,"comment_status":"closed","ping_status":"closed","template":"","meta":{"_monsterinsights_skip_tracking":false,"_monsterinsights_sitenote_active":false,"_monsterinsights_sitenote_note":"","_monsterinsights_sitenote_category":0,"footnotes":""},"class_list":["post-4194","page","type-page","status-publish","hentry","description-off"],"_links":{"self":[{"href":"https:\/\/celi-quebec.org\/fr\/wp-json\/wp\/v2\/pages\/4194","targetHints":{"allow":["GET"]}}],"collection":[{"href":"https:\/\/celi-quebec.org\/fr\/wp-json\/wp\/v2\/pages"}],"about":[{"href":"https:\/\/celi-quebec.org\/fr\/wp-json\/wp\/v2\/types\/page"}],"author":[{"embeddable":true,"href":"https:\/\/celi-quebec.org\/fr\/wp-json\/wp\/v2\/users\/1"}],"replies":[{"embeddable":true,"href":"https:\/\/celi-quebec.org\/fr\/wp-json\/wp\/v2\/comments?post=4194"}],"version-history":[{"count":11,"href":"https:\/\/celi-quebec.org\/fr\/wp-json\/wp\/v2\/pages\/4194\/revisions"}],"predecessor-version":[{"id":4502,"href":"https:\/\/celi-quebec.org\/fr\/wp-json\/wp\/v2\/pages\/4194\/revisions\/4502"}],"wp:attachment":[{"href":"https:\/\/celi-quebec.org\/fr\/wp-json\/wp\/v2\/media?parent=4194"}],"curies":[{"name":"wp","href":"https:\/\/api.w.org\/{rel}","templated":true}]}}