{"id":4199,"date":"2019-10-16T16:11:29","date_gmt":"2019-10-16T21:11:29","guid":{"rendered":"https:\/\/celi-quebec.org\/about\/"},"modified":"2026-03-31T13:59:02","modified_gmt":"2026-03-31T18:59:02","slug":"a-propos-de-nous","status":"publish","type":"page","link":"https:\/\/celi-quebec.org\/fr\/a-propos-de-nous\/","title":{"rendered":"\u00c0 propos de nous"},"content":{"rendered":"<div class=\"wpb-content-wrapper\"><p>[vc_row type=\u00a0\u00bbvc_default\u00a0\u00bb bg_type=\u00a0\u00bbbg_color\u00a0\u00bb bg_override=\u00a0\u00bbex-full\u00a0\u00bb bg_color_value=\u00a0\u00bb#F8F8F8&Prime;][vc_column][vc_row_inner css=\u00a0\u00bb.vc_custom_1737337881700{padding-top: 30px !important;padding-bottom: 30px !important;}\u00a0\u00bb][vc_column_inner width=\u00a0\u00bb1\/3&Prime;][vc_column_text css=\u00a0\u00bb.vc_custom_1774983208205{padding-bottom: 20px !important;}\u00a0\u00bb]<\/p>\n<h2><strong>Membres du comit\u00e9 consultatif du projet<\/strong><\/h2>\n<p>[\/vc_column_text][\/vc_column_inner][vc_column_inner width=\u00a0\u00bb2\/3&Prime;][vc_column_text css=\u00a0\u00bb\u00a0\u00bb]Le Comit\u00e9 consultatif de projet de CELI est compos\u00e9 de sept membres repr\u00e9sentant divers secteurs de l\u2019ESCQ, notamment l\u2019\u00e9ducation, la recherche ainsi que le d\u00e9veloppement social et \u00e9conomique. Les membres du Comit\u00e9 couvrent l\u2019ensemble des 17 r\u00e9gions du Qu\u00e9bec et leur expertise sectorielle contribue \u00e0 l\u2019objectif de CELI, qui consiste \u00e0 aider les prestataires de services communautaires \u00e0 mettre en \u0153uvre leurs programmes et services en mati\u00e8re d\u2019alphab\u00e9tisation, de comp\u00e9tences essentielles, d\u2019emploi et d\u2019employabilit\u00e9. Par ailleurs, le Comit\u00e9 consultatif du programme (PAC) contribue aux activit\u00e9s de recherche de CELI en identifiant des th\u00e8mes sectoriels d&rsquo;actualit\u00e9 pr\u00e9sentant un int\u00e9r\u00eat pour la communaut\u00e9 de pratique. Le PAC apporte \u00e9galement son expertise pour l&rsquo;\u00e9laboration du cadre de subventions communautaires de CELI ainsi que pour la mise en place d&rsquo;un plan de partenariats strat\u00e9giques.[\/vc_column_text][\/vc_column_inner][\/vc_row_inner][vc_row_inner equal_height=\u00a0\u00bbyes\u00a0\u00bb content_placement=\u00a0\u00bbtop\u00a0\u00bb gap=\u00a0\u00bb20&Prime; el_class=\u00a0\u00bbheight-fix\u00a0\u00bb][vc_column_inner width=\u00a0\u00bb1\/3&Prime; css=\u00a0\u00bb.vc_custom_1741291706443{border-bottom-width: 1px !important;padding-top: 0px !important;padding-right: 0px !important;padding-bottom: 20px !important;padding-left: 25px !important;border-bottom-style: solid !important;border-color: #232323 !important;}\u00a0\u00bb][vc_column_text css=\u00a0\u00bb.vc_custom_1737339487602{margin-bottom: 0px !important;padding-bottom: 0px !important;}\u00a0\u00bb]<span style=\"color: #000000; font-weight: 600;\"><span style=\"font-size: 14pt;\">Wendy Seys<\/span><\/span>[\/vc_column_text][vc_column_text css=\u00a0\u00bb.vc_custom_1774983253771{margin-bottom: 0px !important;padding-top: 0px !important;padding-bottom: 0px !important;}\u00a0\u00bb el_class=\u00a0\u00bbtag\u00a0\u00bb]<\/p>\n<div class=\"tag\">\n<p>Copr\u00e9sidente du CELI PAC<\/p>\n<\/div>\n<p>[\/vc_column_text][vc_column_text css=\u00a0\u00bb\u00a0\u00bb]<span style=\"font-size: 10pt;\">Directrice g\u00e9n\u00e9rale du Conseil d&rsquo;alphab\u00e9tisation de Yamaska<\/span><br \/>\n<span style=\"font-size: 10pt;\">Pr\u00e9sidente de Litt\u00e9ratie Qu\u00e9bec<\/span>[\/vc_column_text][vc_column_text css=\u00a0\u00bb\u00a0\u00bb el_class=\u00a0\u00bbtext-bottom\u00a0\u00bb]<a style=\"text-decoration: none;\" href=\"https:\/\/yamaskaliteracy.ca\/\"><strong>yamaskaliteracy.ca<\/strong> <i class=\"icomoon-the7-font-the7-arrow-33\"><\/i> <\/a><\/p>\n<p>[\/vc_column_text][\/vc_column_inner][vc_column_inner width=\u00a0\u00bb1\/3&Prime; css=\u00a0\u00bb.vc_custom_1741291718811{margin-top: 0px !important;border-bottom-width: 1px !important;padding-top: 0px !important;padding-bottom: 20px !important;padding-left: 25px !important;border-bottom-style: solid !important;border-color: #232323 !important;}\u00a0\u00bb][vc_column_text css=\u00a0\u00bb.vc_custom_1737393062276{margin-bottom: 0px !important;padding-bottom: 0px !important;}\u00a0\u00bb]<span style=\"color: #000000; font-weight: 600;\"><span style=\"font-size: 14pt;\">Joy Fyckes<\/span><\/span>[\/vc_column_text][vc_column_text css=\u00a0\u00bb.vc_custom_1774983311325{margin-bottom: 0px !important;padding-top: 0px !important;padding-bottom: 0px !important;}\u00a0\u00bb el_class=\u00a0\u00bbtag\u00a0\u00bb]<\/p>\n<div class=\"tag\">Copr\u00e9sidente du CELI PAC<\/div>\n<p>[\/vc_column_text][vc_column_text css=\u00a0\u00bb\u00a0\u00bb]<span style=\"font-size: 10pt;\">Directrice g\u00e9n\u00e9rale du RECLAIM Literacy Council<\/span><br \/>\n<span style=\"font-size: 10pt;\">Tr\u00e9sori\u00e8re de Litt\u00e9ratie Qu\u00e9bec<\/span>[\/vc_column_text][vc_column_text css=\u00a0\u00bb\u00a0\u00bb el_class=\u00a0\u00bbtext-bottom\u00a0\u00bb]<a style=\"text-decoration: none;\" href=\"https:\/\/www.reclaimliteracy.ca\/\"><strong>reclaimliteracy.ca<\/strong> <i class=\"icomoon-the7-font-the7-arrow-33\"><\/i> <\/a><br \/>\n[\/vc_column_text][\/vc_column_inner][vc_column_inner width=\u00a0\u00bb1\/3&Prime; css=\u00a0\u00bb.vc_custom_1741291730520{margin-top: 0px !important;border-bottom-width: 1px !important;padding-top: 0px !important;padding-bottom: 20px !important;padding-left: 25px !important;border-bottom-style: solid !important;border-color: #232323 !important;}\u00a0\u00bb][vc_column_text css=\u00a0\u00bb.vc_custom_1737345142009{margin-bottom: 0px !important;padding-bottom: 0px !important;}\u00a0\u00bb]<span style=\"color: #000000; font-weight: 600;\"><span style=\"font-size: 14pt;\"> John Buck <\/span><\/span>[\/vc_column_text][vc_column_text css=\u00a0\u00bb.vc_custom_1774983384706{margin-bottom: 0px !important;padding-top: 0px !important;padding-bottom: 0px !important;}\u00a0\u00bb el_class=\u00a0\u00bbtag\u00a0\u00bb]<\/p>\n<div class=\"tag\">Pr\u00e9sident-directeur g\u00e9n\u00e9ral<\/div>\n<p>[\/vc_column_text][vc_column_text css=\u00a0\u00bb\u00a0\u00bb]<span style=\"font-size: 10pt;\">Community Economic Development and Employability Corporation (CEDEC)<\/span>[\/vc_column_text][vc_column_text css=\u00a0\u00bb\u00a0\u00bb el_class=\u00a0\u00bbtext-bottom\u00a0\u00bb]<a style=\"text-decoration: none;\" href=\"https:\/\/cedec.ca\/\"><strong>cedec.ca<\/strong> <i class=\"icomoon-the7-font-the7-arrow-33\"><\/i> <\/a><\/p>\n<p>[\/vc_column_text][\/vc_column_inner][\/vc_row_inner][vc_row_inner equal_height=\u00a0\u00bbyes\u00a0\u00bb content_placement=\u00a0\u00bbtop\u00a0\u00bb gap=\u00a0\u00bb20&Prime; el_class=\u00a0\u00bbheight-fix\u00a0\u00bb css=\u00a0\u00bb.vc_custom_1737393284514{margin-top: 20px !important;}\u00a0\u00bb][vc_column_inner width=\u00a0\u00bb1\/3&Prime; css=\u00a0\u00bb.vc_custom_1741291743423{border-bottom-width: 1px !important;padding-top: 0px !important;padding-right: 0px !important;padding-bottom: 20px !important;padding-left: 25px !important;border-bottom-style: solid !important;border-color: #232323 !important;}\u00a0\u00bb][vc_column_text css=\u00a0\u00bb.vc_custom_1737384942603{margin-bottom: 0px !important;padding-bottom: 0px !important;}\u00a0\u00bb]<span style=\"color: #000000; font-weight: 600;\"><span style=\"font-size: 14pt;\">Cathy Brown<\/span><\/span>[\/vc_column_text][vc_column_text css=\u00a0\u00bb.vc_custom_1774983410075{margin-bottom: 0px !important;padding-top: 0px !important;padding-bottom: 0px !important;}\u00a0\u00bb el_class=\u00a0\u00bbtag\u00a0\u00bb]<\/p>\n<div class=\"tag\">\n<p>Directrice ex\u00e9cutive<\/p>\n<\/div>\n<p>[\/vc_column_text][vc_column_text css=\u00a0\u00bb\u00a0\u00bb]<span style=\"font-size: 10pt;\">R\u00e9seau de d\u00e9veloppement r\u00e9gional (RDN)<\/span>[\/vc_column_text][vc_column_text css=\u00a0\u00bb\u00a0\u00bb el_class=\u00a0\u00bbtext-bottom\u00a0\u00bb]<a style=\"text-decoration: none;\" href=\"https:\/\/regdevnet.ca\/\/\"><strong>regdevnet.ca<\/strong> <i class=\"icomoon-the7-font-the7-arrow-33\"><\/i> <\/a>[\/vc_column_text][\/vc_column_inner][vc_column_inner width=\u00a0\u00bb1\/3&Prime; css=\u00a0\u00bb.vc_custom_1741291758366{margin-top: 0px !important;border-bottom-width: 1px !important;padding-top: 0px !important;padding-bottom: 20px !important;padding-left: 25px !important;border-bottom-style: solid !important;border-color: #232323 !important;}\u00a0\u00bb][vc_column_text css=\u00a0\u00bb.vc_custom_1737390940902{margin-bottom: 0px !important;padding-bottom: 0px !important;}\u00a0\u00bb]<span style=\"color: #000000; font-weight: 600;\"><span style=\"font-size: 14pt;\"> Nick Salter<\/span><\/span>[\/vc_column_text][vc_column_text css=\u00a0\u00bb.vc_custom_1774983453682{margin-bottom: 0px !important;padding-top: 0px !important;padding-bottom: 0px !important;}\u00a0\u00bb el_class=\u00a0\u00bbtag\u00a0\u00bb]<\/p>\n<div class=\"tag\">\n<p>Directeur ex\u00e9cutif<\/p>\n<\/div>\n<p>[\/vc_column_text][vc_column_text css=\u00a0\u00bb\u00a0\u00bb]<span style=\"font-size: 10pt;\">Table ronde provinciale sur l&#8217;emploi (PERT)<\/span>[\/vc_column_text][vc_column_text css=\u00a0\u00bb\u00a0\u00bb el_class=\u00a0\u00bbtext-bottom\u00a0\u00bb]<a style=\"text-decoration: none;\" href=\"https:\/\/pertquebec.ca\/\"><strong>pertquebec.ca<\/strong> <i class=\"icomoon-the7-font-the7-arrow-33\"><\/i> <\/a>[\/vc_column_text][\/vc_column_inner][vc_column_inner width=\u00a0\u00bb1\/3&Prime; css=\u00a0\u00bb.vc_custom_1741291771207{margin-top: 0px !important;border-bottom-width: 1px !important;padding-top: 0px !important;padding-bottom: 20px !important;padding-left: 25px !important;border-bottom-style: solid !important;border-color: #232323 !important;}\u00a0\u00bb][vc_column_text css=\u00a0\u00bb.vc_custom_1737391025098{margin-bottom: 0px !important;padding-bottom: 0px !important;}\u00a0\u00bb]<span style=\"color: #000000; font-weight: 600;\"><span style=\"font-size: 14pt;\"> Brigid Hayes <\/span><\/span><br \/>\n[\/vc_column_text][vc_column_text css=\u00a0\u00bb.vc_custom_1774983488053{margin-bottom: 0px !important;padding-top: 0px !important;padding-bottom: 0px !important;}\u00a0\u00bb el_class=\u00a0\u00bbtag\u00a0\u00bb]<\/p>\n<div class=\"tag\">Consultante en alphab\u00e9tisation et comp\u00e9tences fondamentales<\/div>\n<p>[\/vc_column_text][vc_column_text css=\u00a0\u00bb\u00a0\u00bb el_class=\u00a0\u00bbtext-bottom\u00a0\u00bb][\/vc_column_text][\/vc_column_inner][\/vc_row_inner][vc_row_inner equal_height=\u00a0\u00bbyes\u00a0\u00bb content_placement=\u00a0\u00bbtop\u00a0\u00bb gap=\u00a0\u00bb20&Prime; el_class=\u00a0\u00bbheight-fix\u00a0\u00bb css=\u00a0\u00bb.vc_custom_1737393284514{margin-top: 20px !important;}\u00a0\u00bb][vc_column_inner width=\u00a0\u00bb1\/3&Prime; css=\u00a0\u00bb.vc_custom_1741291826592{border-bottom-width: 1px !important;padding-top: 0px !important;padding-right: 0px !important;padding-bottom: 20px !important;padding-left: 25px !important;border-bottom-style: solid !important;border-color: #232323 !important;}\u00a0\u00bb][vc_column_text css=\u00a0\u00bb.vc_custom_1737391137945{margin-bottom: 0px !important;padding-bottom: 0px !important;}\u00a0\u00bb]<span style=\"color: #000000; font-weight: 600;\"><span style=\"font-size: 14pt;\"> Riley Dalys-Fine <\/span><\/span>[\/vc_column_text][vc_column_text css=\u00a0\u00bb.vc_custom_1774983515600{margin-bottom: 0px !important;padding-top: 0px !important;padding-bottom: 0px !important;}\u00a0\u00bb el_class=\u00a0\u00bbtag\u00a0\u00bb]<\/p>\n<div class=\"tag\">Directeur de l&rsquo;engagement communautaire et des alliances strat\u00e9giques<\/div>\n<p>[\/vc_column_text][vc_column_text css=\u00a0\u00bb\u00a0\u00bb]<span style=\"font-size: 10pt;\">TALQ (anciennement le R\u00e9seau des groupes communautaires du Qu\u00e9bec)<\/span>[\/vc_column_text][vc_column_text css=\u00a0\u00bb\u00a0\u00bb el_class=\u00a0\u00bbtext-bottom\u00a0\u00bb]<a style=\"text-decoration: none;\" href=\"https:\/\/talq.ca\/\"><strong>talq.ca<\/strong> <i class=\"icomoon-the7-font-the7-arrow-33\"><\/i> <\/a><br \/>\n[\/vc_column_text][\/vc_column_inner][vc_column_inner width=\u00a0\u00bb1\/3&Prime; css=\u00a0\u00bb.vc_custom_1737946427361{margin-top: 0px !important;padding-top: 0px !important;padding-bottom: 20px !important;border-color: #232323 !important;}\u00a0\u00bb][\/vc_column_inner][vc_column_inner width=\u00a0\u00bb1\/3&Prime; css=\u00a0\u00bb.vc_custom_1737946439036{margin-top: 0px !important;padding-top: 0px !important;padding-bottom: 20px !important;border-color: #232323 !important;}\u00a0\u00bb][\/vc_column_inner][\/vc_row_inner][\/vc_column][\/vc_row]<\/p>\n<\/div>","protected":false},"excerpt":{"rendered":"<p>[vc_row type=\u00a0\u00bbvc_default\u00a0\u00bb bg_type=\u00a0\u00bbbg_color\u00a0\u00bb bg_override=\u00a0\u00bbex-full\u00a0\u00bb bg_color_value=\u00a0\u00bb#F8F8F8&Prime;][vc_column][vc_row_inner css=\u00a0\u00bb.vc_custom_1737337881700{padding-top: 30px !important;padding-bottom: 30px !important;}\u00a0\u00bb][vc_column_inner width=\u00a0\u00bb1\/3&Prime;][vc_column_text css=\u00a0\u00bb.vc_custom_1774983208205{padding-bottom: 20px !important;}\u00a0\u00bb] Membres du comit\u00e9 consultatif du projet [\/vc_column_text][\/vc_column_inner][vc_column_inner width=\u00a0\u00bb2\/3&Prime;][vc_column_text css=\u00a0\u00bb\u00a0\u00bb]Le Comit\u00e9 consultatif de projet de CELI est compos\u00e9 de sept membres repr\u00e9sentant divers secteurs de l\u2019ESCQ, notamment l\u2019\u00e9ducation, la recherche ainsi que le d\u00e9veloppement social et \u00e9conomique. Les membres du Comit\u00e9 couvrent&hellip;<\/p>\n","protected":false},"author":1,"featured_media":0,"parent":0,"menu_order":10,"comment_status":"closed","ping_status":"closed","template":"","meta":{"_monsterinsights_skip_tracking":false,"_monsterinsights_sitenote_active":false,"_monsterinsights_sitenote_note":"","_monsterinsights_sitenote_category":0,"footnotes":""},"class_list":["post-4199","page","type-page","status-publish","hentry","description-off"],"_links":{"self":[{"href":"https:\/\/celi-quebec.org\/fr\/wp-json\/wp\/v2\/pages\/4199","targetHints":{"allow":["GET"]}}],"collection":[{"href":"https:\/\/celi-quebec.org\/fr\/wp-json\/wp\/v2\/pages"}],"about":[{"href":"https:\/\/celi-quebec.org\/fr\/wp-json\/wp\/v2\/types\/page"}],"author":[{"embeddable":true,"href":"https:\/\/celi-quebec.org\/fr\/wp-json\/wp\/v2\/users\/1"}],"replies":[{"embeddable":true,"href":"https:\/\/celi-quebec.org\/fr\/wp-json\/wp\/v2\/comments?post=4199"}],"version-history":[{"count":3,"href":"https:\/\/celi-quebec.org\/fr\/wp-json\/wp\/v2\/pages\/4199\/revisions"}],"predecessor-version":[{"id":4296,"href":"https:\/\/celi-quebec.org\/fr\/wp-json\/wp\/v2\/pages\/4199\/revisions\/4296"}],"wp:attachment":[{"href":"https:\/\/celi-quebec.org\/fr\/wp-json\/wp\/v2\/media?parent=4199"}],"curies":[{"name":"wp","href":"https:\/\/api.w.org\/{rel}","templated":true}]}}