{"id":4207,"date":"2025-01-17T15:13:09","date_gmt":"2025-01-17T20:13:09","guid":{"rendered":"https:\/\/celi-quebec.org\/community-grants\/"},"modified":"2026-04-23T15:48:07","modified_gmt":"2026-04-23T20:48:07","slug":"subventions-communautaires","status":"publish","type":"page","link":"https:\/\/celi-quebec.org\/fr\/subventions-communautaires\/","title":{"rendered":"Subventions communautaires"},"content":{"rendered":"<div class=\"wpb-content-wrapper\"><p>[vc_row type=\u00a0\u00bbvc_default\u00a0\u00bb full_width=\u00a0\u00bbstretch_row_content\u00a0\u00bb content_placement=\u00a0\u00bbmiddle\u00a0\u00bb][vc_column width=\u00a0\u00bb1\/2&Prime; css=\u00a0\u00bb.vc_custom_1737397170319{margin-right: 70px !important;}\u00a0\u00bb][vc_single_image image=\u00a0\u00bb4208&Prime; img_size=\u00a0\u00bbfull\u00a0\u00bb css=\u00a0\u00bb\u00a0\u00bb][\/vc_column][vc_column width=\u00a0\u00bb1\/2&Prime; css=\u00a0\u00bb.vc_custom_1737397182609{margin-right: 100px !important;}\u00a0\u00bb][vc_column_text css=\u00a0\u00bb.vc_custom_1774985931835{padding-top: 20px !important;}\u00a0\u00bb]<\/p>\n<h2>Subventions communautaires<\/h2>\n<p>&nbsp;<\/p>\n<p class=\"lead\"><span style=\"font-size: 16pt;\">L&rsquo;objectif des subventions communautaires de CELI est de mettre en \u0153uvre le programme Comp\u00e9tences pour r\u00e9ussir \u00e0 l&rsquo;ESCQ.<\/span><\/p>\n<p>Le cadre de subventions de CELI vise \u00e0 renforcer la capacit\u00e9 des b\u00e9n\u00e9ficiaires \u00e0 \u00e9laborer et \u00e0 mettre en \u0153uvre des programmes et des services ax\u00e9s sur l&rsquo;alphab\u00e9tisation en anglais et les comp\u00e9tences essentielles, ainsi que sur l&#8217;emploi et l&#8217;employabilit\u00e9, dans le cadre du programme Comp\u00e9tences pour r\u00e9ussir. Gr\u00e2ce \u00e0 ce renforcement des capacit\u00e9s au niveau organisationnel, CELI am\u00e9liorera l&rsquo;offre et l&rsquo;acc\u00e8s \u00e0 des services qui r\u00e9pondent directement aux besoins et aux priorit\u00e9s des communaut\u00e9s locales.[\/vc_column_text][\/vc_column][\/vc_row][vc_row type=\u00a0\u00bbvc_default\u00a0\u00bb bg_type=\u00a0\u00bbbg_color\u00a0\u00bb bg_override=\u00a0\u00bbex-full\u00a0\u00bb bg_color_value=\u00a0\u00bb#F8F8F8&Prime; css=\u00a0\u00bb.vc_custom_1749660453891{padding-bottom: 50px !important;}\u00a0\u00bb][vc_column]<div id=\"ultimate-heading-569669eb8dc1294aa\" class=\"uvc-heading ult-adjust-bottom-margin ultimate-heading-569669eb8dc1294aa uvc-7787  uvc-heading-default-font-sizes\" data-hspacer=\"no_spacer\"  data-halign=\"center\" style=\"text-align:center\"><div class=\"uvc-heading-spacer no_spacer\" style=\"top\"><\/div><div class=\"uvc-main-heading ult-responsive\"  data-ultimate-target='.uvc-heading.ultimate-heading-569669eb8dc1294aa h2'  data-responsive-json-new='{\"font-size\":\"\",\"line-height\":\"\"}' ><h2 style=\"--font-weight:theme;margin-top:50px;margin-bottom:70px;\">Les 6 projets financ\u00e9s par CELI pour la p\u00e9riode 2025-2026<\/h2><\/div><\/div>[vc_row_inner css=\u00a0\u00bb.vc_custom_1737399484871{margin-top: 30px !important;margin-bottom: 50px !important;border-top-width: 1px !important;border-right-width: 1px !important;border-bottom-width: 1px !important;border-left-width: 1px !important;padding-top: 20px !important;padding-right: 50px !important;padding-bottom: 20px !important;padding-left: 50px !important;background-color: #FFFFFF !important;border-left-style: solid !important;border-right-style: solid !important;border-top-style: solid !important;border-bottom-style: solid !important;border-radius: 25px !important;border-color: #0000001F !important;}\u00a0\u00bb][vc_column_inner width=\u00a0\u00bb4\/5&Prime;][vc_column_text css=\u00a0\u00bb.vc_custom_1774644346919{margin-bottom: 0px !important;}\u00a0\u00bb]<\/p>\n<p class=\"card-header\"><span style=\"font-size: 20pt;\"><strong> ABC Life Literacy Canada <\/strong><\/span><\/p>\n<p>[\/vc_column_text][\/vc_column_inner][vc_column_inner width=\u00a0\u00bb1\/5&Prime;][vc_column_text css=\u00a0\u00bb.vc_custom_1737399325112{margin-bottom: 0px !important;}\u00a0\u00bb el_class=\u00a0\u00bbtag2&Prime;] Quebec-wide [\/vc_column_text][\/vc_column_inner][vc_column_inner css=\u00a0\u00bb.vc_custom_1737398148693{margin-top: 0px !important;padding-top: 10px !important;}\u00a0\u00bb][vc_column_text css=\u00a0\u00bb\u00a0\u00bb]<\/p>\n<p class=\"card-subheader\"><span style=\"font-size: 16pt;\">UP <em>Comp\u00e9tences pour r\u00e9ussir<\/em> : Am\u00e9liorer les comp\u00e9tences pour r\u00e9ussir<\/span><\/p>\n<p>Sur une p\u00e9riode d&rsquo;un an, ce projet proposera des formations en alphab\u00e9tisation et en employabilit\u00e9 \u00e0 des adultes anglophones du Qu\u00e9bec pr\u00e9sentant un faible niveau d&rsquo;alphab\u00e9tisation, \u00e0 la fois par le biais d&rsquo;ateliers communautaires et d&rsquo;une plateforme d&rsquo;apprentissage en ligne. En collaboration avec des partenaires locaux, le programme fournira du mat\u00e9riel p\u00e9dagogique accessible et adapt\u00e9 \u00e0 diff\u00e9rents niveaux, conforme au cadre <em>Comp\u00e9tences pour r\u00e9ussir<\/em> ainsi qu\u2019une formation et un soutien aux animateurs. Les participants acquerront des comp\u00e9tences essentielles pour le travail et la vie quotidienne tout en renfor\u00e7ant leur confiance en leurs capacit\u00e9s. Le projet renforcera \u00e9galement les organisations communautaires en leur fournissant des ressources de haute qualit\u00e9 et un soutien afin qu\u2019elles puissent mieux servir leurs apprenants.[\/vc_column_text][\/vc_column_inner][\/vc_row_inner][vc_row_inner css=\u00a0\u00bb.vc_custom_1737399484871{margin-top: 30px !important;margin-bottom: 50px !important;border-top-width: 1px !important;border-right-width: 1px !important;border-bottom-width: 1px !important;border-left-width: 1px !important;padding-top: 20px !important;padding-right: 50px !important;padding-bottom: 20px !important;padding-left: 50px !important;background-color: #FFFFFF !important;border-left-style: solid !important;border-right-style: solid !important;border-top-style: solid !important;border-bottom-style: solid !important;border-radius: 25px !important;border-color: #0000001F !important;}\u00a0\u00bb][vc_column_inner width=\u00a0\u00bb4\/5&Prime;][vc_column_text css=\u00a0\u00bb.vc_custom_1774986215829{margin-bottom: 0px !important;}\u00a0\u00bb]<\/p>\n<p class=\"card-header\"><span style=\"font-size: 20pt;\"><strong> Biblioth\u00e8que Atwater <\/strong><\/span><\/p>\n<p>[\/vc_column_text][\/vc_column_inner][vc_column_inner width=\u00a0\u00bb1\/5&Prime;][vc_column_text css=\u00a0\u00bb.vc_custom_1774986436014{margin-bottom: 0px !important;}\u00a0\u00bb el_class=\u00a0\u00bbtag2&Prime;]\u00c0 l&rsquo;\u00e9chelle du Qu\u00e9bec[\/vc_column_text][\/vc_column_inner][vc_column_inner css=\u00a0\u00bb.vc_custom_1737398148693{margin-top: 0px !important;padding-top: 10px !important;}\u00a0\u00bb][vc_column_text css=\u00a0\u00bb\u00a0\u00bb]<\/p>\n<p class=\"card-subheader\"><span style=\"font-size: 16pt;\"> Comp\u00e9tences pour r\u00e9ussir 2.0<\/span><\/p>\n<p>Destin\u00e9 aux adultes anglophones de la r\u00e9gion du Grand Montr\u00e9al ainsi que d\u2019autres r\u00e9gions du Qu\u00e9bec, ce projet s\u2019inscrit dans le prolongement du projet pilote <em>Comp\u00e9tences pour r\u00e9ussir<\/em> de la biblioth\u00e8que Atwater, lanc\u00e9 lors du cycle de financement 2023-2025 du CELI. Au cours des deux prochaines ann\u00e9es, ce projet proposera des ateliers et des activit\u00e9s individuelles portant sur les neuf <a href=\"https:\/\/www.canada.ca\/fr\/services\/emplois\/formation\/initiatives\/competence-reussir\/comprendre-individus.html\">comp\u00e9tences pour r\u00e9ussir<\/a>, avec un accent particulier sur la culture num\u00e9rique.[\/vc_column_text][\/vc_column_inner][\/vc_row_inner][vc_row_inner disable_element=\u00a0\u00bbyes\u00a0\u00bb css=\u00a0\u00bb.vc_custom_1749660106907{border-top-width: 1px !important;border-right-width: 1px !important;border-bottom-width: 1px !important;border-left-width: 1px !important;padding-top: 20px !important;padding-right: 50px !important;padding-bottom: 20px !important;padding-left: 50px !important;background-color: #FFFFFF !important;border-left-style: solid !important;border-right-style: solid !important;border-top-style: solid !important;border-bottom-style: solid !important;border-radius: 25px !important;border-color: #0000001F !important;}\u00a0\u00bb][vc_column_inner width=\u00a0\u00bb4\/5&Prime;][vc_column_text css=\u00a0\u00bb.vc_custom_1737398078642{margin-bottom: 0px !important;}\u00a0\u00bb]<\/p>\n<p class=\"card-header\"><span style=\"font-size: 20pt;\"><strong>Coasters Association<\/strong><\/span><\/p>\n<p>[\/vc_column_text][\/vc_column_inner][vc_column_inner width=\u00a0\u00bb1\/5&Prime;][vc_column_text css=\u00a0\u00bb.vc_custom_1737398369988{margin-bottom: 0px !important;}\u00a0\u00bb el_class=\u00a0\u00bbtag2&Prime;]Cote-nord[\/vc_column_text][\/vc_column_inner][vc_column_inner css=\u00a0\u00bb.vc_custom_1737398148693{margin-top: 0px !important;padding-top: 10px !important;}\u00a0\u00bb][vc_column_text css=\u00a0\u00bb\u00a0\u00bb]<\/p>\n<p class=\"card-subheader\"><span style=\"font-size: 16pt;\">Empower to Employ: Enhancing the Skills and Capacity of English-Speakers on the Lower North Shore<\/span><\/p>\n<div class=\"prose prose-black max-w-none \">\n<p>Serving youth and adult populations of the Lower North Shore, this two-year project focuses on implementing employability training programs for staff to better support communities. as well as developing and delivering events and activities that bring together job-seekers and employers to provide opportunities for networking and knowledge transfer.<\/p>\n<\/div>\n<p>[\/vc_column_text][\/vc_column_inner][\/vc_row_inner][vc_row_inner css=\u00a0\u00bb.vc_custom_1737398463233{margin-top: 30px !important;border-top-width: 1px !important;border-right-width: 1px !important;border-bottom-width: 1px !important;border-left-width: 1px !important;padding-top: 20px !important;padding-right: 50px !important;padding-bottom: 20px !important;padding-left: 50px !important;background-color: #FFFFFF !important;border-left-style: solid !important;border-right-style: solid !important;border-top-style: solid !important;border-bottom-style: solid !important;border-radius: 25px !important;border-color: #0000001F !important;}\u00a0\u00bb][vc_column_inner width=\u00a0\u00bb3\/4&Prime;][vc_column_text css=\u00a0\u00bb.vc_custom_1774986380146{margin-bottom: 0px !important;}\u00a0\u00bb]<\/p>\n<p class=\"card-header\"><span style=\"font-size: 20pt;\"><strong>Communaut\u00e9 pour l&rsquo;action sociale anglophone (CASA) <\/strong><\/span><\/p>\n<p>[\/vc_column_text][\/vc_column_inner][vc_column_inner width=\u00a0\u00bb1\/4&Prime;][vc_column_text css=\u00a0\u00bb.vc_custom_1737399017567{margin-bottom: 0px !important;}\u00a0\u00bb el_class=\u00a0\u00bbtag2&Prime;]<\/p>\n<div class=\"tag\">Gaspesie-\u00celes-de-la-Madeleine<\/div>\n<p>[\/vc_column_text][\/vc_column_inner][vc_column_inner css=\u00a0\u00bb.vc_custom_1737398148693{margin-top: 0px !important;padding-top: 10px !important;}\u00a0\u00bb][vc_column_text css=\u00a0\u00bb\u00a0\u00bb]<\/p>\n<p class=\"card-subheader\"><span style=\"font-size: 16pt;\"> Destination U <\/span><\/p>\n<p>Cette nouvelle phase de deux ans du projet Destination U \u00e9largira sa port\u00e9e initiale aux personnes \u00e2g\u00e9es de 25 \u00e0 60 ans de la C\u00f4te-de-Gasp\u00e9 et r\u00e9pondra aux besoins des anglophones sans emploi ou sous-employ\u00e9s qui ont connu une longue p\u00e9riode d&rsquo;\u00e9loignement du march\u00e9 du travail, en dotant les participants des outils n\u00e9cessaires pour surmonter les obstacles \u00e0 l&#8217;emploi et \u00e0 l&rsquo;int\u00e9gration sociale.[\/vc_column_text][\/vc_column_inner][\/vc_row_inner][vc_row_inner disable_element=\u00a0\u00bbyes\u00a0\u00bb css=\u00a0\u00bb.vc_custom_1738257970096{margin-top: 30px !important;border-top-width: 1px !important;border-right-width: 1px !important;border-bottom-width: 1px !important;border-left-width: 1px !important;padding-top: 20px !important;padding-right: 50px !important;padding-bottom: 20px !important;padding-left: 50px !important;background-color: #FFFFFF !important;border-left-style: solid !important;border-right-style: solid !important;border-top-style: solid !important;border-bottom-style: solid !important;border-radius: 25px !important;border-color: #0000001F !important;}\u00a0\u00bb][vc_column_inner width=\u00a0\u00bb4\/5&Prime;][vc_column_text css=\u00a0\u00bb.vc_custom_1737399046088{margin-bottom: 0px !important;}\u00a0\u00bb]<\/p>\n<p class=\"card-header\"><span style=\"font-size: 20pt;\"><strong>South Shore Literacy Council <\/strong><\/span><\/p>\n<p>[\/vc_column_text][\/vc_column_inner][vc_column_inner width=\u00a0\u00bb1\/5&Prime;][vc_column_text css=\u00a0\u00bb.vc_custom_1737399056944{margin-bottom: 0px !important;}\u00a0\u00bb el_class=\u00a0\u00bbtag2&Prime;]Mont\u00e9r\u00e9gie<br \/>\n[\/vc_column_text][\/vc_column_inner][vc_column_inner css=\u00a0\u00bb.vc_custom_1737398148693{margin-top: 0px !important;padding-top: 10px !important;}\u00a0\u00bb][vc_column_text css=\u00a0\u00bb\u00a0\u00bb]<\/p>\n<p class=\"card-subheader\"><span style=\"font-size: 16pt;\"> Teach, Tutor &amp; Train-Applying the SFS to an Inclusive Tutoring and Employment Model <\/span><\/p>\n<p>Targeting adult learners in the Mont\u00e9r\u00e9gie region, this two-year project offers weekly classes, tutoring, and employment mentoring to increase the participants\u2019 literacy skills and learning, and help them with employment opportunities.[\/vc_column_text][\/vc_column_inner][\/vc_row_inner][vc_row_inner css=\u00a0\u00bb.vc_custom_1737398463233{margin-top: 30px !important;border-top-width: 1px !important;border-right-width: 1px !important;border-bottom-width: 1px !important;border-left-width: 1px !important;padding-top: 20px !important;padding-right: 50px !important;padding-bottom: 20px !important;padding-left: 50px !important;background-color: #FFFFFF !important;border-left-style: solid !important;border-right-style: solid !important;border-top-style: solid !important;border-bottom-style: solid !important;border-radius: 25px !important;border-color: #0000001F !important;}\u00a0\u00bb][vc_column_inner width=\u00a0\u00bb4\/5&Prime;][vc_column_text css=\u00a0\u00bb.vc_custom_1774986492428{margin-bottom: 0px !important;}\u00a0\u00bb]<\/p>\n<p class=\"card-header\"><span style=\"font-size: 20pt;\"><strong> Centre de ressources multiculturelles LaSalle <\/strong><\/span><\/p>\n<p>[\/vc_column_text][\/vc_column_inner][vc_column_inner width=\u00a0\u00bb1\/5&Prime;][vc_column_text css=\u00a0\u00bb.vc_custom_1774986419460{margin-bottom: 0px !important;}\u00a0\u00bb el_class=\u00a0\u00bbtag2&Prime;]Montr\u00e9al[\/vc_column_text][\/vc_column_inner][vc_column_inner css=\u00a0\u00bb.vc_custom_1737398148693{margin-top: 0px !important;padding-top: 10px !important;}\u00a0\u00bb][vc_column_text css=\u00a0\u00bb\u00a0\u00bb]<\/p>\n<p class=\"card-subheader\"><span style=\"font-size: 16pt;\"> Programme d&rsquo;extension du soutien social <\/span><\/p>\n<p>Au service de la r\u00e9gion de LaSalle \u00e0 Montr\u00e9al, ce projet vise \u00e0 autonomiser les adultes anglophones confront\u00e9s \u00e0 des intersections entre l&rsquo;origine ethnique, le genre et le handicap, en leur offrant des possibilit\u00e9s de d\u00e9velopper leurs comp\u00e9tences en mati\u00e8re d&rsquo;alphab\u00e9tisation, d&#8217;employabilit\u00e9 et d&rsquo;am\u00e9lioration de leur qualit\u00e9 de vie globale, afin de favoriser leur pleine participation et leur r\u00e9ussite dans les secteurs socio-\u00e9conomiques du Qu\u00e9bec.[\/vc_column_text][\/vc_column_inner][\/vc_row_inner][vc_row_inner css=\u00a0\u00bb.vc_custom_1737398463233{margin-top: 30px !important;border-top-width: 1px !important;border-right-width: 1px !important;border-bottom-width: 1px !important;border-left-width: 1px !important;padding-top: 20px !important;padding-right: 50px !important;padding-bottom: 20px !important;padding-left: 50px !important;background-color: #FFFFFF !important;border-left-style: solid !important;border-right-style: solid !important;border-top-style: solid !important;border-bottom-style: solid !important;border-radius: 25px !important;border-color: #0000001F !important;}\u00a0\u00bb][vc_column_inner width=\u00a0\u00bb4\/5&Prime;][vc_column_text css=\u00a0\u00bb.vc_custom_1774986620523{margin-bottom: 0px !important;}\u00a0\u00bb]<\/p>\n<p class=\"card-header\"><span style=\"font-size: 20pt;\"><strong> Alphab\u00e9tisation sans limites<\/strong><\/span><\/p>\n<p>[\/vc_column_text][\/vc_column_inner][vc_column_inner width=\u00a0\u00bb1\/5&Prime;][vc_column_text css=\u00a0\u00bb.vc_custom_1774986443434{margin-bottom: 0px !important;}\u00a0\u00bb el_class=\u00a0\u00bbtag2&Prime;]\u00c0 l&rsquo;\u00e9chelle du Qu\u00e9bec[\/vc_column_text][\/vc_column_inner][vc_column_inner css=\u00a0\u00bb.vc_custom_1737398148693{margin-top: 0px !important;padding-top: 10px !important;}\u00a0\u00bb][vc_column_text css=\u00a0\u00bb\u00a0\u00bb]<\/p>\n<p class=\"card-subheader\"><span style=\"font-size: 16pt;\"> Autonomiser et connecter : projet pilote visant \u00e0 am\u00e9liorer l&rsquo;alphab\u00e9tisation et la culture num\u00e9rique des a\u00een\u00e9s gr\u00e2ce \u00e0 la technologie et au mentorat<\/span><\/p>\n<p>Ce projet d&rsquo;une dur\u00e9e de deux ans offre un soutien cibl\u00e9 aux a\u00een\u00e9s anglophones (55 ans et plus) de tout le Qu\u00e9bec afin de les aider \u00e0 d\u00e9velopper leurs comp\u00e9tences en mati\u00e8re de culture num\u00e9rique. En partenariat avec <em>Connected Canadians<\/em>, ce projet fournira des ressources, des formations et des outils qui permettront aux a\u00een\u00e9s d&rsquo;acqu\u00e9rir les comp\u00e9tences n\u00e9cessaires pour \u00e9voluer en toute confiance dans les espaces num\u00e9riques.[\/vc_column_text][\/vc_column_inner][\/vc_row_inner][vc_row_inner css=\u00a0\u00bb.vc_custom_1737398463233{margin-top: 30px !important;border-top-width: 1px !important;border-right-width: 1px !important;border-bottom-width: 1px !important;border-left-width: 1px !important;padding-top: 20px !important;padding-right: 50px !important;padding-bottom: 20px !important;padding-left: 50px !important;background-color: #FFFFFF !important;border-left-style: solid !important;border-right-style: solid !important;border-top-style: solid !important;border-bottom-style: solid !important;border-radius: 25px !important;border-color: #0000001F !important;}\u00a0\u00bb][vc_column_inner width=\u00a0\u00bb4\/5&Prime;][vc_column_text css=\u00a0\u00bb.vc_custom_1774986701310{margin-bottom: 0px !important;}\u00a0\u00bb]<\/p>\n<p class=\"card-header\"><span style=\"font-size: 20pt;\"><strong> YES &#8211; Emploi et entrepreneuriat <\/strong><\/span><\/p>\n<p>[\/vc_column_text][\/vc_column_inner][vc_column_inner width=\u00a0\u00bb1\/5&Prime;][vc_column_text css=\u00a0\u00bb.vc_custom_1774986450613{margin-bottom: 0px !important;}\u00a0\u00bb el_class=\u00a0\u00bbtag2&Prime;]\u00c0 l&rsquo;\u00e9chelle du Qu\u00e9bec[\/vc_column_text][\/vc_column_inner][vc_column_inner css=\u00a0\u00bb.vc_custom_1737398148693{margin-top: 0px !important;padding-top: 10px !important;}\u00a0\u00bb][vc_column_text css=\u00a0\u00bb\u00a0\u00bb]<\/p>\n<p class=\"card-subheader\"><span style=\"font-size: 16pt;\"><em>Skill Up, Quebec<\/em> ! L&rsquo;autonomisation gr\u00e2ce au mod\u00e8le <em>Comp\u00e9tences pour r\u00e9ussir<\/em><\/span><\/p>\n<p>Destin\u00e9 aux adultes anglophones de Montr\u00e9al et de l&rsquo;ensemble du Qu\u00e9bec par le biais de divers partenariats r\u00e9gionaux, ce projet permettra aux participants d&rsquo;acqu\u00e9rir les connaissances et les comp\u00e9tences n\u00e9cessaires pour s&rsquo;\u00e9panouir, gr\u00e2ce \u00e0 l&rsquo;acc\u00e8s \u00e0 des possibilit\u00e9s d&rsquo;apprentissage et \u00e0 des ateliers de d\u00e9veloppement des comp\u00e9tences li\u00e9s au march\u00e9 du travail et \u00e0 l&rsquo;entrepreneuriat. Ces domaines ont \u00e9t\u00e9 identifi\u00e9s, lors d&rsquo;une \u00e9valuation des besoins r\u00e9alis\u00e9e en 2023, comme constituant des lacunes et\/ou des d\u00e9fis majeurs pour cette population.[\/vc_column_text][\/vc_column_inner][\/vc_row_inner][vc_row_inner disable_element=\u00a0\u00bbyes\u00a0\u00bb css=\u00a0\u00bb.vc_custom_1749660260867{margin-top: 30px !important;border-top-width: 1px !important;border-right-width: 1px !important;border-bottom-width: 1px !important;border-left-width: 1px !important;padding-top: 20px !important;padding-right: 50px !important;padding-bottom: 20px !important;padding-left: 50px !important;background-color: #FFFFFF !important;border-left-style: solid !important;border-right-style: solid !important;border-top-style: solid !important;border-bottom-style: solid !important;border-radius: 25px !important;border-color: #0000001F !important;}\u00a0\u00bb][vc_column_inner width=\u00a0\u00bb4\/5&Prime;][vc_column_text css=\u00a0\u00bb.vc_custom_1737399374222{margin-bottom: 0px !important;}\u00a0\u00bb]<\/p>\n<p class=\"card-header\"><span style=\"font-size: 20pt;\"><strong> La Passerelle <\/strong><\/span><\/p>\n<p>[\/vc_column_text][\/vc_column_inner][vc_column_inner width=\u00a0\u00bb1\/5&Prime;][vc_column_text css=\u00a0\u00bb.vc_custom_1737399205728{margin-bottom: 0px !important;}\u00a0\u00bb el_class=\u00a0\u00bbtag2&Prime;]Montreal[\/vc_column_text][\/vc_column_inner][vc_column_inner css=\u00a0\u00bb.vc_custom_1737398148693{margin-top: 0px !important;padding-top: 10px !important;}\u00a0\u00bb][vc_column_text css=\u00a0\u00bb\u00a0\u00bb]<\/p>\n<p class=\"card-subheader\"><span style=\"font-size: 16pt;\"> LMS\/Workshop Upgrade Project &#8211; Phase 1 <\/span><\/p>\n<p>Serving 40+ job seekers in Montreal, this one-year project focusses on La Passerelle\u2019s self-paced online Learning Management System (LMS) to align its library content with new labour market dynamics, including onsite, hybrid, work-from-home, and \u2018gig\u2019 work; building a career portfolio; and developing a solo-preneurship.[\/vc_column_text][\/vc_column_inner][\/vc_row_inner][\/vc_column][\/vc_row]<\/p>\n<\/div>","protected":false},"excerpt":{"rendered":"<p>[vc_row type=\u00a0\u00bbvc_default\u00a0\u00bb full_width=\u00a0\u00bbstretch_row_content\u00a0\u00bb content_placement=\u00a0\u00bbmiddle\u00a0\u00bb][vc_column width=\u00a0\u00bb1\/2&Prime; css=\u00a0\u00bb.vc_custom_1737397170319{margin-right: 70px !important;}\u00a0\u00bb][vc_single_image image=\u00a0\u00bb4208&Prime; img_size=\u00a0\u00bbfull\u00a0\u00bb css=\u00a0\u00bb\u00a0\u00bb][\/vc_column][vc_column width=\u00a0\u00bb1\/2&Prime; css=\u00a0\u00bb.vc_custom_1737397182609{margin-right: 100px !important;}\u00a0\u00bb][vc_column_text css=\u00a0\u00bb.vc_custom_1774985931835{padding-top: 20px !important;}\u00a0\u00bb] Subventions communautaires &nbsp; L&rsquo;objectif des subventions communautaires de CELI est de mettre en \u0153uvre le programme Comp\u00e9tences pour r\u00e9ussir \u00e0 l&rsquo;ESCQ. Le cadre de subventions de CELI vise \u00e0 renforcer la capacit\u00e9 des b\u00e9n\u00e9ficiaires \u00e0 \u00e9laborer et&hellip;<\/p>\n","protected":false},"author":1,"featured_media":0,"parent":0,"menu_order":0,"comment_status":"closed","ping_status":"closed","template":"","meta":{"_monsterinsights_skip_tracking":false,"_monsterinsights_sitenote_active":false,"_monsterinsights_sitenote_note":"","_monsterinsights_sitenote_category":0,"footnotes":""},"class_list":["post-4207","page","type-page","status-publish","hentry","description-off"],"_links":{"self":[{"href":"https:\/\/celi-quebec.org\/fr\/wp-json\/wp\/v2\/pages\/4207","targetHints":{"allow":["GET"]}}],"collection":[{"href":"https:\/\/celi-quebec.org\/fr\/wp-json\/wp\/v2\/pages"}],"about":[{"href":"https:\/\/celi-quebec.org\/fr\/wp-json\/wp\/v2\/types\/page"}],"author":[{"embeddable":true,"href":"https:\/\/celi-quebec.org\/fr\/wp-json\/wp\/v2\/users\/1"}],"replies":[{"embeddable":true,"href":"https:\/\/celi-quebec.org\/fr\/wp-json\/wp\/v2\/comments?post=4207"}],"version-history":[{"count":8,"href":"https:\/\/celi-quebec.org\/fr\/wp-json\/wp\/v2\/pages\/4207\/revisions"}],"predecessor-version":[{"id":4503,"href":"https:\/\/celi-quebec.org\/fr\/wp-json\/wp\/v2\/pages\/4207\/revisions\/4503"}],"wp:attachment":[{"href":"https:\/\/celi-quebec.org\/fr\/wp-json\/wp\/v2\/media?parent=4207"}],"curies":[{"name":"wp","href":"https:\/\/api.w.org\/{rel}","templated":true}]}}