{"id":4238,"date":"2025-01-17T15:11:35","date_gmt":"2025-01-17T20:11:35","guid":{"rendered":"https:\/\/celi-quebec.org\/skills-for-success-resources-tools\/"},"modified":"2026-04-23T15:52:48","modified_gmt":"2026-04-23T20:52:48","slug":"ressources-et-outils","status":"publish","type":"page","link":"https:\/\/celi-quebec.org\/fr\/ressources-et-outils\/","title":{"rendered":"Ressources et outils"},"content":{"rendered":"<div class=\"wpb-content-wrapper\"><p>[vc_row type=\u00a0\u00bbvc_default\u00a0\u00bb bg_type=\u00a0\u00bbbg_color\u00a0\u00bb bg_override=\u00a0\u00bbex-full\u00a0\u00bb bg_color_value=\u00a0\u00bb#F8F8F8&Prime;][vc_column][vc_row_inner content_placement=\u00a0\u00bbmiddle\u00a0\u00bb css=\u00a0\u00bb.vc_custom_1741502605761{margin-top: -10% !important;margin-bottom: 30px !important;border-top-width: 1px !important;border-right-width: 1px !important;border-bottom-width: 1px !important;border-left-width: 1px !important;padding-top: 75px !important;padding-right: 20px !important;padding-bottom: 75px !important;padding-left: 20px !important;background-color: #FFFFFF !important;border-radius: 25px !important;border-color: #FFFFFFA6 !important;}\u00a0\u00bb el_class=\u00a0\u00bbsfs\u00a0\u00bb][vc_column_inner el_class=\u00a0\u00bbsfs\u00a0\u00bb width=\u00a0\u00bb1\/2&Prime;][vc_single_image image=\u00a0\u00bb4240&Prime; img_size=\u00a0\u00bb200&#215;200&Prime; alignment=\u00a0\u00bbcenter\u00a0\u00bb css=\u00a0\u00bb\u00a0\u00bb][vc_column_text css=\u00a0\u00bb.vc_custom_1776977488525{padding-bottom: 20px !important;}\u00a0\u00bb]<\/p>\n<p style=\"text-align: center;\"><strong><span style=\"font-size: 16pt;\"><em>Comp\u00e9tences pour r\u00e9ussir<\/em> \u2013 Intervenants<br \/>\nCadre de comp\u00e9tences<\/span><\/strong><\/p>\n<p style=\"text-align: center;\"><span style=\"font-size: 14pt;\">Outils et ressources destin\u00e9s \u00e0 soutenir le d\u00e9veloppement professionnel des intervenants travaillant avec le programme <em>Comp\u00e9tences pour r\u00e9ussir<\/em><\/span><\/p>\n<p>[\/vc_column_text]<style type=\"text\/css\" data-type=\"the7_shortcodes-inline-css\">#default-btn-05a42ea19b1d4c7acaa469291739ebe1.ico-right-side > i {\n  margin-right: 0px;\n  margin-left: 8px;\n}\n#default-btn-05a42ea19b1d4c7acaa469291739ebe1 > i {\n  margin-right: 8px;\n}<\/style><div class=\"btn-align-center\"><a href=\"https:\/\/es-prof.delta-cloud.com\/\" class=\"default-btn-shortcode dt-btn dt-btn-m link-hover-off ico-right-side \" target=\"_blank\" id=\"default-btn-05a42ea19b1d4c7acaa469291739ebe1\" style=\"width:250px;\" rel=\"noopener\"><span>Acc\u00e9der au site web<\/span><i class=\"icomoon-the7-font-the7-arrow-33\"><\/i><\/a><\/div>[\/vc_column_inner][vc_column_inner width=\u00a0\u00bb1\/2&Prime; css=\u00a0\u00bb.vc_custom_1738044552003{padding-right: 50px !important;padding-left: 100px !important;}\u00a0\u00bb]<div class=\"uavc-list-icon uavc-list-icon-wrapper ult-adjust-bottom-margin   \"><ul class=\"uavc-list\"><li><div class=\"uavc-list-content\" id=\"list-icon-wrap-1373\">\n<div class=\"uavc-list-icon  \" data-animation=\"\" data-animation-delay=\"03\" style=\"margin-right:10px;\"><div class=\"ult-just-icon-wrapper  \"><div class=\"align-icon\" style=\"text-align:center;\">\n<div class=\"aio-icon none \"  style=\"color:#4C5764;font-size:25px;display:inline-block;\">\n\t<i class=\"far fa-check-circle\"><\/i>\n<\/div><\/div><\/div>\n<\/div><span  data-ultimate-target='#list-icon-wrap-1373 .uavc-list-desc'  data-responsive-json-new='{\"font-size\":\"\",\"line-height\":\"\"}'  class=\"uavc-list-desc ult-responsive\" style=\"\"><\/p>\n<p style=\"text-align: left;\"><span style=\"font-size: 14pt;\">Un r\u00e9f\u00e9rentiel de comp\u00e9tences<\/span><\/p>\n<p><\/span><\/div><\/li><li><div class=\"uavc-list-content\" id=\"list-icon-wrap-5672\">\n<div class=\"uavc-list-icon  \" data-animation=\"\" data-animation-delay=\"03\" style=\"margin-right:10px;\"><div class=\"ult-just-icon-wrapper  \"><div class=\"align-icon\" style=\"text-align:center;\">\n<div class=\"aio-icon none \"  style=\"color:#4C5764;font-size:25px;display:inline-block;\">\n\t<i class=\"far fa-check-circle\"><\/i>\n<\/div><\/div><\/div>\n<\/div><span  data-ultimate-target='#list-icon-wrap-5672 .uavc-list-desc'  data-responsive-json-new='{\"font-size\":\"\",\"line-height\":\"\"}'  class=\"uavc-list-desc ult-responsive\" style=\"\"><\/p>\n<p style=\"text-align: left;\"><span style=\"font-size: 14pt;\">Outils d&rsquo;auto-\u00e9valuation<\/span><\/p>\n<p><\/span><\/div><\/li><li><div class=\"uavc-list-content\" id=\"list-icon-wrap-2475\">\n<div class=\"uavc-list-icon  \" data-animation=\"\" data-animation-delay=\"03\" style=\"margin-right:10px;\"><div class=\"ult-just-icon-wrapper  \"><div class=\"align-icon\" style=\"text-align:center;\">\n<div class=\"aio-icon none \"  style=\"color:#4C5764;font-size:25px;display:inline-block;\">\n\t<i class=\"far fa-check-circle\"><\/i>\n<\/div><\/div><\/div>\n<\/div><span  data-ultimate-target='#list-icon-wrap-2475 .uavc-list-desc'  data-responsive-json-new='{\"font-size\":\"\",\"line-height\":\"\"}'  class=\"uavc-list-desc ult-responsive\" style=\"\"><\/p>\n<p style=\"text-align: left;\"><span style=\"font-size: 14pt;\">Biblioth\u00e8que de ressources num\u00e9riques<\/span><\/p>\n<p><\/span><\/div><\/li><li><div class=\"uavc-list-content\" id=\"list-icon-wrap-4309\">\n<div class=\"uavc-list-icon  \" data-animation=\"\" data-animation-delay=\"03\" style=\"margin-right:10px;\"><div class=\"ult-just-icon-wrapper  \"><div class=\"align-icon\" style=\"text-align:center;\">\n<div class=\"aio-icon none \"  style=\"color:#4C5764;font-size:25px;display:inline-block;\">\n\t<i class=\"far fa-check-circle\"><\/i>\n<\/div><\/div><\/div>\n<\/div><span  data-ultimate-target='#list-icon-wrap-4309 .uavc-list-desc'  data-responsive-json-new='{\"font-size\":\"\",\"line-height\":\"\"}'  class=\"uavc-list-desc ult-responsive\" style=\"\"><\/p>\n<p style=\"text-align: left;\"><span style=\"font-size: 14pt;\">Catalogue de formations<\/span><\/p>\n<p><\/span><\/div><\/li><li><div class=\"uavc-list-content\" id=\"list-icon-wrap-4142\">\n<div class=\"uavc-list-icon  \" data-animation=\"\" data-animation-delay=\"03\" style=\"margin-right:10px;\"><div class=\"ult-just-icon-wrapper  \"><div class=\"align-icon\" style=\"text-align:center;\">\n<div class=\"aio-icon none \"  style=\"color:#4C5764;font-size:25px;display:inline-block;\">\n\t<i class=\"far fa-check-circle\"><\/i>\n<\/div><\/div><\/div>\n<\/div><span  data-ultimate-target='#list-icon-wrap-4142 .uavc-list-desc'  data-responsive-json-new='{\"font-size\":\"\",\"line-height\":\"\"}'  class=\"uavc-list-desc ult-responsive\" style=\"\"><\/p>\n<p style=\"text-align: left;\"><span style=\"font-size: 14pt;\">D\u00e9veloppement<\/span><\/p>\n<p><\/span><\/div><\/li><\/ul><\/div>[\/vc_column_inner][\/vc_row_inner][vc_row_inner equal_height=\u00a0\u00bbyes\u00a0\u00bb content_placement=\u00a0\u00bbmiddle\u00a0\u00bb css=\u00a0\u00bb.vc_custom_1737942670291{margin-bottom: 30px !important;border-top-width: 1px !important;border-right-width: 1px !important;border-bottom-width: 1px !important;border-left-width: 1px !important;padding-top: 75px !important;padding-right: 20px !important;padding-bottom: 75px !important;padding-left: 20px !important;background-color: #FFFFFF !important;border-radius: 25px !important;border-color: #FFFFFFA6 !important;}\u00a0\u00bb][vc_column_inner el_class=\u00a0\u00bbsfs\u00a0\u00bb width=\u00a0\u00bb1\/2&Prime;][vc_single_image image=\u00a0\u00bb4241&Prime; img_size=\u00a0\u00bb200&#215;200&Prime; alignment=\u00a0\u00bbcenter\u00a0\u00bb css=\u00a0\u00bb\u00a0\u00bb][vc_column_text css=\u00a0\u00bb.vc_custom_1776977500889{padding-bottom: 20px !important;}\u00a0\u00bb]<\/p>\n<p style=\"text-align: center;\"><strong><span style=\"font-size: 16pt;\">Gouvernement du Canada &#8211; <em>Comp\u00e9tences pour r\u00e9ussir<\/em><\/span><\/strong><\/p>\n<p style=\"text-align: center;\"><span style=\"font-size: 14pt;\">Contexte, outils et ressources<\/span><\/p>\n<p>[\/vc_column_text]<style type=\"text\/css\" data-type=\"the7_shortcodes-inline-css\">#default-btn-e962a5fe4466c79c2ac4bfff0f991c73.ico-right-side > i {\n  margin-right: 0px;\n  margin-left: 8px;\n}\n#default-btn-e962a5fe4466c79c2ac4bfff0f991c73 > i {\n  margin-right: 8px;\n}<\/style><div class=\"btn-align-center\"><a href=\"https:\/\/www.canada.ca\/fr\/services\/emplois\/formation\/initiatives\/competence-reussir.html\" class=\"default-btn-shortcode dt-btn dt-btn-m link-hover-off ico-right-side \" target=\"_blank\" id=\"default-btn-e962a5fe4466c79c2ac4bfff0f991c73\" style=\"width:250px;\" rel=\"noopener\"><span>Acc\u00e9der au site web<\/span><i class=\"icomoon-the7-font-the7-arrow-33\"><\/i><\/a><\/div>[\/vc_column_inner][vc_column_inner width=\u00a0\u00bb1\/2&Prime; css=\u00a0\u00bb.vc_custom_1737941229548{padding-right: 50px !important;padding-left: 100px !important;}\u00a0\u00bb]<div class=\"uavc-list-icon uavc-list-icon-wrapper ult-adjust-bottom-margin   \"><ul class=\"uavc-list\"><li><div class=\"uavc-list-content\" id=\"list-icon-wrap-4250\">\n<div class=\"uavc-list-icon  \" data-animation=\"\" data-animation-delay=\"03\" style=\"margin-right:10px;\"><div class=\"ult-just-icon-wrapper  \"><div class=\"align-icon\" style=\"text-align:center;\">\n<div class=\"aio-icon none \"  style=\"color:#4C5764;font-size:25px;display:inline-block;\">\n\t<i class=\"far fa-check-circle\"><\/i>\n<\/div><\/div><\/div>\n<\/div><span  data-ultimate-target='#list-icon-wrap-4250 .uavc-list-desc'  data-responsive-json-new='{\"font-size\":\"\",\"line-height\":\"\"}'  class=\"uavc-list-desc ult-responsive\" style=\"\"><\/p>\n<p style=\"text-align: left;\"><span style=\"font-size: 14pt;\">Pr\u00e9sentation des neuf comp\u00e9tences SFS <\/span><\/p>\n<p>\u2022 D\u00e9couvrez chacune des comp\u00e9tences<br \/>\n\u2022 D\u00e9couvrez le mod\u00e8le global <em>Comp\u00e9tences pour r\u00e9ussir<\/em><\/p>\n<p>&nbsp;<\/p>\n<p><\/span><\/div><\/li><li><div class=\"uavc-list-content\" id=\"list-icon-wrap-7037\">\n<div class=\"uavc-list-icon  \" data-animation=\"\" data-animation-delay=\"03\" style=\"margin-right:10px;\"><div class=\"ult-just-icon-wrapper  \"><div class=\"align-icon\" style=\"text-align:center;\">\n<div class=\"aio-icon none \"  style=\"color:#4C5764;font-size:25px;display:inline-block;\">\n\t<i class=\"far fa-check-circle\"><\/i>\n<\/div><\/div><\/div>\n<\/div><span  data-ultimate-target='#list-icon-wrap-7037 .uavc-list-desc'  data-responsive-json-new='{\"font-size\":\"\",\"line-height\":\"\"}'  class=\"uavc-list-desc ult-responsive\" style=\"\"><\/p>\n<p style=\"text-align: left;\"><span style=\"font-size: 14pt;\">Outils d&rsquo;\u00e9valuation et de formation aux comp\u00e9tences<\/span><\/p>\n<p><\/span><\/div><\/li><li><div class=\"uavc-list-content\" id=\"list-icon-wrap-4038\">\n<div class=\"uavc-list-icon  \" data-animation=\"\" data-animation-delay=\"03\" style=\"margin-right:10px;\"><div class=\"ult-just-icon-wrapper  \"><div class=\"align-icon\" style=\"text-align:center;\">\n<div class=\"aio-icon none \"  style=\"color:#4C5764;font-size:25px;display:inline-block;\">\n\t<i class=\"far fa-check-circle\"><\/i>\n<\/div><\/div><\/div>\n<\/div><span  data-ultimate-target='#list-icon-wrap-4038 .uavc-list-desc'  data-responsive-json-new='{\"font-size\":\"\",\"line-height\":\"\"}'  class=\"uavc-list-desc ult-responsive\" style=\"\"><\/p>\n<p style=\"text-align: left;\"><span style=\"font-size: 14pt;\">Recherche par cat\u00e9gorie <\/span><\/p>\n<p>\u2022 particulier \/ employeur<br \/>\n\u2022 chacune des 9 comp\u00e9tences<br \/>\n\u2022 formation \/ \u00e9valuation<br \/>\n\u2022 en ligne \/ en pr\u00e9sentiel<\/span><\/div><\/li><li><div class=\"uavc-list-content\" id=\"list-icon-wrap-9891\">\n<div class=\"uavc-list-icon  \" data-animation=\"\" data-animation-delay=\"03\" style=\"margin-right:10px;\"><div class=\"ult-just-icon-wrapper  \"><div class=\"align-icon\" style=\"text-align:center;\">\n<div class=\"aio-icon none \"  style=\"color:#4C5764;font-size:25px;display:inline-block;\">\n\t<i class=\"far fa-check-circle\"><\/i>\n<\/div><\/div><\/div>\n<\/div><span  data-ultimate-target='#list-icon-wrap-9891 .uavc-list-desc'  data-responsive-json-new='{\"font-size\":\"\",\"line-height\":\"\"}'  class=\"uavc-list-desc ult-responsive\" style=\"\"><\/p>\n<p style=\"text-align: left;\"><span style=\"font-size: 14pt;\">Contenu produit par les pouvoirs publics (gouvernement) et par des tiers <\/span><\/p>\n<p>\u2022 Rapports de recherche<\/span><\/div><\/li><li><div class=\"uavc-list-content\" id=\"list-icon-wrap-2747\">\n<div class=\"uavc-list-icon  \" data-animation=\"\" data-animation-delay=\"03\" style=\"margin-right:10px;\"><div class=\"ult-just-icon-wrapper  \"><div class=\"align-icon\" style=\"text-align:center;\">\n<div class=\"aio-icon none \"  style=\"color:#4C5764;font-size:25px;display:inline-block;\">\n\t<i class=\"far fa-check-circle\"><\/i>\n<\/div><\/div><\/div>\n<\/div><span  data-ultimate-target='#list-icon-wrap-2747 .uavc-list-desc'  data-responsive-json-new='{\"font-size\":\"\",\"line-height\":\"\"}'  class=\"uavc-list-desc ult-responsive\" style=\"\"><\/p>\n<p style=\"text-align: left;\"><span style=\"font-size: 14pt;\">Rapports de recherche<\/span><\/p>\n<p><\/span><\/div><\/li><\/ul><\/div>[\/vc_column_inner][\/vc_row_inner][vc_row_inner equal_height=\u00a0\u00bbyes\u00a0\u00bb content_placement=\u00a0\u00bbmiddle\u00a0\u00bb css=\u00a0\u00bb.vc_custom_1737942670291{margin-bottom: 30px !important;border-top-width: 1px !important;border-right-width: 1px !important;border-bottom-width: 1px !important;border-left-width: 1px !important;padding-top: 75px !important;padding-right: 20px !important;padding-bottom: 75px !important;padding-left: 20px !important;background-color: #FFFFFF !important;border-radius: 25px !important;border-color: #FFFFFFA6 !important;}\u00a0\u00bb][vc_column_inner el_class=\u00a0\u00bbsfs\u00a0\u00bb width=\u00a0\u00bb1\/2&Prime;][vc_single_image image=\u00a0\u00bb4242&Prime; img_size=\u00a0\u00bb200&#215;200&Prime; alignment=\u00a0\u00bbcenter\u00a0\u00bb css=\u00a0\u00bb\u00a0\u00bb][vc_column_text css=\u00a0\u00bb.vc_custom_1776977518461{padding-bottom: 20px !important;}\u00a0\u00bb]<\/p>\n<p style=\"text-align: center;\"><strong><span style=\"font-size: 16pt;\">ABC Life Literacy Canada \u2013 Cahiers d&rsquo;exercices <em>Comp\u00e9tences pour r\u00e9ussir<\/em> <\/span><\/strong><\/p>\n<p style=\"text-align: center;\"><span style=\"font-size: 14pt;\">Des cahiers d&rsquo;exercices pratiques et une excellente liste de ressources<\/span><\/p>\n<p>[\/vc_column_text]<style type=\"text\/css\" data-type=\"the7_shortcodes-inline-css\">#default-btn-bdf334ca8efb7e6a2e5726fe97501d80.ico-right-side > i {\n  margin-right: 0px;\n  margin-left: 8px;\n}\n#default-btn-bdf334ca8efb7e6a2e5726fe97501d80 > i {\n  margin-right: 8px;\n}<\/style><div class=\"btn-align-center\"><a href=\"https:\/\/forcescompetencesautravail.ca\/ressources\/\" class=\"default-btn-shortcode dt-btn dt-btn-m link-hover-off ico-right-side \" target=\"_blank\" id=\"default-btn-bdf334ca8efb7e6a2e5726fe97501d80\" style=\"width:250px;\" rel=\"noopener\"><span>Acc\u00e9der au site web<\/span><i class=\"icomoon-the7-font-the7-arrow-33\"><\/i><\/a><\/div>[\/vc_column_inner][vc_column_inner width=\u00a0\u00bb1\/2&Prime; css=\u00a0\u00bb.vc_custom_1737941229548{padding-right: 50px !important;padding-left: 100px !important;}\u00a0\u00bb]<div class=\"uavc-list-icon uavc-list-icon-wrapper ult-adjust-bottom-margin   \"><ul class=\"uavc-list\"><li><div class=\"uavc-list-content\" id=\"list-icon-wrap-2442\">\n<div class=\"uavc-list-icon  \" data-animation=\"\" data-animation-delay=\"03\" style=\"margin-right:10px;\"><div class=\"ult-just-icon-wrapper  \"><div class=\"align-icon\" style=\"text-align:center;\">\n<div class=\"aio-icon none \"  style=\"color:#4C5764;font-size:25px;display:inline-block;\">\n\t<i class=\"far fa-check-circle\"><\/i>\n<\/div><\/div><\/div>\n<\/div><span  data-ultimate-target='#list-icon-wrap-2442 .uavc-list-desc'  data-responsive-json-new='{\"font-size\":\"\",\"line-height\":\"\"}'  class=\"uavc-list-desc ult-responsive\" style=\"\"><\/p>\n<p style=\"text-align: left;\"><span style=\"font-size: 14pt;\">Cahiers d&rsquo;exercices SFS et activit\u00e9s li\u00e9es aux comp\u00e9tences SFS<\/span><\/p>\n<p><\/span><\/div><\/li><li><div class=\"uavc-list-content\" id=\"list-icon-wrap-2981\">\n<div class=\"uavc-list-icon  \" data-animation=\"\" data-animation-delay=\"03\" style=\"margin-right:10px;\"><div class=\"ult-just-icon-wrapper  \"><div class=\"align-icon\" style=\"text-align:center;\">\n<div class=\"aio-icon none \"  style=\"color:#4C5764;font-size:25px;display:inline-block;\">\n\t<i class=\"far fa-check-circle\"><\/i>\n<\/div><\/div><\/div>\n<\/div><span  data-ultimate-target='#list-icon-wrap-2981 .uavc-list-desc'  data-responsive-json-new='{\"font-size\":\"\",\"line-height\":\"\"}'  class=\"uavc-list-desc ult-responsive\" style=\"\"><\/p>\n<p style=\"text-align: left;\"><span style=\"font-size: 14pt;\">Cours en ligne et s\u00e9ries de vid\u00e9os<\/span><\/p>\n<p><\/span><\/div><\/li><\/ul><\/div>[\/vc_column_inner][\/vc_row_inner][vc_row_inner equal_height=\u00a0\u00bbyes\u00a0\u00bb content_placement=\u00a0\u00bbmiddle\u00a0\u00bb css=\u00a0\u00bb.vc_custom_1737942670291{margin-bottom: 30px !important;border-top-width: 1px !important;border-right-width: 1px !important;border-bottom-width: 1px !important;border-left-width: 1px !important;padding-top: 75px !important;padding-right: 20px !important;padding-bottom: 75px !important;padding-left: 20px !important;background-color: #FFFFFF !important;border-radius: 25px !important;border-color: #FFFFFFA6 !important;}\u00a0\u00bb][vc_column_inner el_class=\u00a0\u00bbsfs\u00a0\u00bb width=\u00a0\u00bb1\/2&Prime;][vc_single_image image=\u00a0\u00bb4243&Prime; img_size=\u00a0\u00bb200&#215;200&Prime; alignment=\u00a0\u00bbcenter\u00a0\u00bb css=\u00a0\u00bb\u00a0\u00bb][vc_column_text css=\u00a0\u00bb.vc_custom_1775007937799{padding-bottom: 20px !important;}\u00a0\u00bb]<\/p>\n<p style=\"text-align: center;\"><strong><span style=\"font-size: 16pt;\">Skills \/ Comp\u00e9tences Canada<\/span><\/strong><\/p>\n<p style=\"text-align: center;\"><span style=\"font-size: 14pt;\">Vaste r\u00e9pertoire d&rsquo;outils et de ressources li\u00e9s au SFS<\/span><\/p>\n<p>[\/vc_column_text]<style type=\"text\/css\" data-type=\"the7_shortcodes-inline-css\">#default-btn-53cc621bd59d6acb03089ecd6c421f20.ico-right-side > i {\n  margin-right: 0px;\n  margin-left: 8px;\n}\n#default-btn-53cc621bd59d6acb03089ecd6c421f20 > i {\n  margin-right: 8px;\n}<\/style><div class=\"btn-align-center\"><a href=\"https:\/\/www.skillscompetencescanada.com\/fr\/program\/competences-pour-reussir\/\" class=\"default-btn-shortcode dt-btn dt-btn-m link-hover-off ico-right-side \" target=\"_blank\" id=\"default-btn-53cc621bd59d6acb03089ecd6c421f20\" style=\"width:250px;\" rel=\"noopener\"><span>Acc\u00e9der au site web<\/span><i class=\"icomoon-the7-font-the7-arrow-33\"><\/i><\/a><\/div>[\/vc_column_inner][vc_column_inner width=\u00a0\u00bb1\/2&Prime; css=\u00a0\u00bb.vc_custom_1737941229548{padding-right: 50px !important;padding-left: 100px !important;}\u00a0\u00bb]<div class=\"uavc-list-icon uavc-list-icon-wrapper ult-adjust-bottom-margin   \"><ul class=\"uavc-list\"><li><div class=\"uavc-list-content\" id=\"list-icon-wrap-4630\">\n<div class=\"uavc-list-icon  \" data-animation=\"\" data-animation-delay=\"03\" style=\"margin-right:10px;\"><div class=\"ult-just-icon-wrapper  \"><div class=\"align-icon\" style=\"text-align:center;\">\n<div class=\"aio-icon none \"  style=\"color:#4C5764;font-size:25px;display:inline-block;\">\n\t<i class=\"far fa-check-circle\"><\/i>\n<\/div><\/div><\/div>\n<\/div><span  data-ultimate-target='#list-icon-wrap-4630 .uavc-list-desc'  data-responsive-json-new='{\"font-size\":\"\",\"line-height\":\"\"}'  class=\"uavc-list-desc ult-responsive\" style=\"\"><\/p>\n<p style=\"text-align: left;\"><span style=\"font-size: 14pt;\">Cahiers d&rsquo;exercices SFS (t\u00e9l\u00e9chargeables et en ligne), inscription gratuite requise<\/span><\/p>\n<p><\/span><\/div><\/li><li><div class=\"uavc-list-content\" id=\"list-icon-wrap-4327\">\n<div class=\"uavc-list-icon  \" data-animation=\"\" data-animation-delay=\"03\" style=\"margin-right:10px;\"><div class=\"ult-just-icon-wrapper  \"><div class=\"align-icon\" style=\"text-align:center;\">\n<div class=\"aio-icon none \"  style=\"color:#4C5764;font-size:25px;display:inline-block;\">\n\t<i class=\"far fa-check-circle\"><\/i>\n<\/div><\/div><\/div>\n<\/div><span  data-ultimate-target='#list-icon-wrap-4327 .uavc-list-desc'  data-responsive-json-new='{\"font-size\":\"\",\"line-height\":\"\"}'  class=\"uavc-list-desc ult-responsive\" style=\"\"><\/p>\n<p style=\"text-align: left;\"><span style=\"font-size: 14pt;\"> Vid\u00e9os \u2013 d\u00e9monstration des comp\u00e9tences SFS en situation r\u00e9elle<\/span><\/p>\n<p><\/span><\/div><\/li><li><div class=\"uavc-list-content\" id=\"list-icon-wrap-6317\">\n<div class=\"uavc-list-icon  \" data-animation=\"\" data-animation-delay=\"03\" style=\"margin-right:10px;\"><div class=\"ult-just-icon-wrapper  \"><div class=\"align-icon\" style=\"text-align:center;\">\n<div class=\"aio-icon none \"  style=\"color:#4C5764;font-size:25px;display:inline-block;\">\n\t<i class=\"far fa-check-circle\"><\/i>\n<\/div><\/div><\/div>\n<\/div><span  data-ultimate-target='#list-icon-wrap-6317 .uavc-list-desc'  data-responsive-json-new='{\"font-size\":\"\",\"line-height\":\"\"}'  class=\"uavc-list-desc ult-responsive\" style=\"\"><\/p>\n<p style=\"text-align: left;\"><span style=\"font-size: 14pt;\"> Fiches d&rsquo;activit\u00e9s sp\u00e9cifiques \u00e0 chaque m\u00e9tier (SFS Connections)<\/span><\/p>\n<p><\/span><\/div><\/li><li><div class=\"uavc-list-content\" id=\"list-icon-wrap-2103\">\n<div class=\"uavc-list-icon  \" data-animation=\"\" data-animation-delay=\"03\" style=\"margin-right:10px;\"><div class=\"ult-just-icon-wrapper  \"><div class=\"align-icon\" style=\"text-align:center;\">\n<div class=\"aio-icon none \"  style=\"color:#4C5764;font-size:25px;display:inline-block;\">\n\t<i class=\"far fa-check-circle\"><\/i>\n<\/div><\/div><\/div>\n<\/div><span  data-ultimate-target='#list-icon-wrap-2103 .uavc-list-desc'  data-responsive-json-new='{\"font-size\":\"\",\"line-height\":\"\"}'  class=\"uavc-list-desc ult-responsive\" style=\"\"><\/p>\n<p style=\"text-align: left;\"><span style=\"font-size: 14pt;\">Application d&rsquo;\u00e9valuation SFS (Apple Store et Google Play)<\/span><\/p>\n<p><\/span><\/div><\/li><\/ul><\/div>[\/vc_column_inner][\/vc_row_inner][\/vc_column][\/vc_row]<\/p>\n<\/div>","protected":false},"excerpt":{"rendered":"<p>[vc_row type=\u00a0\u00bbvc_default\u00a0\u00bb bg_type=\u00a0\u00bbbg_color\u00a0\u00bb bg_override=\u00a0\u00bbex-full\u00a0\u00bb bg_color_value=\u00a0\u00bb#F8F8F8&Prime;][vc_column][vc_row_inner content_placement=\u00a0\u00bbmiddle\u00a0\u00bb css=\u00a0\u00bb.vc_custom_1741502605761{margin-top: -10% !important;margin-bottom: 30px !important;border-top-width: 1px !important;border-right-width: 1px !important;border-bottom-width: 1px !important;border-left-width: 1px !important;padding-top: 75px !important;padding-right: 20px !important;padding-bottom: 75px !important;padding-left: 20px !important;background-color: #FFFFFF !important;border-radius: 25px !important;border-color: #FFFFFFA6 !important;}\u00a0\u00bb el_class=\u00a0\u00bbsfs\u00a0\u00bb][vc_column_inner el_class=\u00a0\u00bbsfs\u00a0\u00bb width=\u00a0\u00bb1\/2&Prime;][vc_single_image image=\u00a0\u00bb4240&Prime; img_size=\u00a0\u00bb200&#215;200&Prime; alignment=\u00a0\u00bbcenter\u00a0\u00bb css=\u00a0\u00bb\u00a0\u00bb][vc_column_text css=\u00a0\u00bb.vc_custom_1776977488525{padding-bottom: 20px !important;}\u00a0\u00bb] Comp\u00e9tences pour r\u00e9ussir \u2013 Intervenants Cadre de comp\u00e9tences Outils et ressources destin\u00e9s&hellip;<\/p>\n","protected":false},"author":1,"featured_media":0,"parent":0,"menu_order":0,"comment_status":"closed","ping_status":"closed","template":"","meta":{"_monsterinsights_skip_tracking":false,"_monsterinsights_sitenote_active":false,"_monsterinsights_sitenote_note":"","_monsterinsights_sitenote_category":0,"footnotes":""},"class_list":["post-4238","page","type-page","status-publish","hentry","description-off"],"_links":{"self":[{"href":"https:\/\/celi-quebec.org\/fr\/wp-json\/wp\/v2\/pages\/4238","targetHints":{"allow":["GET"]}}],"collection":[{"href":"https:\/\/celi-quebec.org\/fr\/wp-json\/wp\/v2\/pages"}],"about":[{"href":"https:\/\/celi-quebec.org\/fr\/wp-json\/wp\/v2\/types\/page"}],"author":[{"embeddable":true,"href":"https:\/\/celi-quebec.org\/fr\/wp-json\/wp\/v2\/users\/1"}],"replies":[{"embeddable":true,"href":"https:\/\/celi-quebec.org\/fr\/wp-json\/wp\/v2\/comments?post=4238"}],"version-history":[{"count":9,"href":"https:\/\/celi-quebec.org\/fr\/wp-json\/wp\/v2\/pages\/4238\/revisions"}],"predecessor-version":[{"id":4506,"href":"https:\/\/celi-quebec.org\/fr\/wp-json\/wp\/v2\/pages\/4238\/revisions\/4506"}],"wp:attachment":[{"href":"https:\/\/celi-quebec.org\/fr\/wp-json\/wp\/v2\/media?parent=4238"}],"curies":[{"name":"wp","href":"https:\/\/api.w.org\/{rel}","templated":true}]}}