{"id":4298,"date":"2025-11-26T19:34:58","date_gmt":"2025-11-27T00:34:58","guid":{"rendered":"https:\/\/celi-quebec.org\/our-resources\/"},"modified":"2026-03-31T14:15:30","modified_gmt":"2026-03-31T19:15:30","slug":"nos-ressources","status":"publish","type":"page","link":"https:\/\/celi-quebec.org\/fr\/nos-ressources\/","title":{"rendered":"Nos ressources"},"content":{"rendered":"<div class=\"wpb-content-wrapper\"><p>[vc_row type=\u00a0\u00bbvc_default\u00a0\u00bb bg_type=\u00a0\u00bbbg_color\u00a0\u00bb bg_override=\u00a0\u00bbex-full\u00a0\u00bb bg_color_value=\u00a0\u00bb#F8F8F8&Prime;][vc_column][vc_column_text css=\u00a0\u00bb\u00a0\u00bb]<div class='w3eden'>\n    <div class=''>\n\n        \n        <div id=\"content_wpdm_package_1\">\n            <div class='row'><div class='col-lg-12 col-md-6 col-6'><div class=\"celicust1\">\n    <div class=\"media\">\n        <div class=\"mr-3\" align=\"left\">\n            <img decoding=\"async\" class=\"wpdm_icon\" alt=\"Ic\u00f4ne\" src=\"https:\/\/celi-quebec.org\/wp-content\/plugins\/download-manager\/assets\/file-type-icons\/pptx.svg\" \/>\n        <\/div>\n        <div class=\"media-body\">\n            <h3 class=\"media-heading\" style=\"padding-top: 0px;border:0px;margin: 0 0 5px 0;font-size:12pt;\">\n                <span style=\"font-weight: 700\">CELI Forum Presentations - DESTA<\/span>\n                <span style=\"font-size:8pt;font-weight:300\" class=\"text-muted ml-4\">\n                    <i class=\"fas fa-hdd mr-1\"><\/i> 11.85 MB\n                <\/span>\n            <\/h3>\n            <p>Les b\u00e9n\u00e9ficiaires de nos subventions CELI m\u00e8nent des actions qui ont un impact significatif au sein de diverses communaut\u00e9s et ces t\u00e9moignages de r\u00e9ussite mettent en lumi\u00e8re la diff\u00e9rence concr\u00e8te que leurs programmes font sur le terrain. \u00c0 travers leurs pr\u00e9sentations, les b\u00e9n\u00e9ficiaires partagent leur vision de leurs initiatives, les d\u00e9fis qu\u2019ils ont surmont\u00e9s, ainsi que des exemples concrets illustrant comment les participants acqui\u00e8rent des comp\u00e9tences, gagnent en confiance et se cr\u00e9ent de nouvelles opportunit\u00e9s. Ces t\u00e9moignages refl\u00e8tent, dans leur ensemble, la valeur des approches ax\u00e9es sur la communaut\u00e9 et l\u2019impact durable de leur travail.<\/p>\n<div class=\"ms-outlook-mobile-reference-message skipProofing\" role=\"presentation\">\n<div class=\"ms-outlook-mobile-reference-message skipProofing\" role=\"presentation\">\n<p><em>Cette pr\u00e9sentation met en avant les deux piliers distincts de DESTA, la justice sociale et l'alimentation et la culture, ainsi que la mani\u00e8re dont ils fa\u00e7onnent notre mission. Gr\u00e2ce \u00e0 nos incubateurs Alimentation et culture, nous aidons les jeunes entrepreneurs \u00e0 d\u00e9velopper des entreprises durables ancr\u00e9es dans la communaut\u00e9 et la culture. Parall\u00e8lement, nos programmes de justice sociale se concentrent sur l'accompagnement \u00e0 la r\u00e9insertion et les initiatives en faveur de l'\u00e9quit\u00e9 qui aident les individus \u00e0 r\u00e9ussir leur transition et \u00e0 se r\u00e9inventer un avenir. Ces deux piliers renforcent l'engagement de DESTA en faveur de l'autonomisation, de l'impact et de la durabilit\u00e9 \u00e0 long terme.\u00a0<\/em><\/p>\n<\/div>\n<\/div>\n<div class=\"ms-outlook-mobile-reference-message skipProofing\" role=\"presentation\"><\/div>\n\n        <\/div>\n        <div class=\"ml-3\" align=\"right\">\n            <a href=\"https:\/\/celi-quebec.org\/fr\/download\/celi-forum-presentations-desta\/?wpdmdl=4313&refresh=69eb8e3bf2db21777045051\" class=\"btn-shortcode dt-btn-l dt-btn default-btn-color default-btn-hover-color default-btn-bg-color default-btn-bg-hover-color\" target=\"_blank\" id=\"dt-btn-2\" rel=\"noopener\"><span>T\u00e9l\u00e9charger<\/span><\/a>\n        <\/div>\n    <\/div>\n\n<\/div>\n<style>\n    .well.c2a3 .btn {\n        padding: 11px 30px;\n        font-size: 11pt;\n    }\n\n    .well.c2a3 .media-body {\n        font-size: 11pt;\n    }\n\n    .well.c2a3 .wpdm_icon {\n        height: 42px;\n        width: auto;\n    }<\/style>\n<\/div><div class='col-lg-12 col-md-6 col-6'><div class=\"celicust1\">\n    <div class=\"media\">\n        <div class=\"mr-3\" align=\"left\">\n            <img decoding=\"async\" class=\"wpdm_icon\" alt=\"Ic\u00f4ne\" src=\"https:\/\/celi-quebec.org\/wp-content\/plugins\/download-manager\/assets\/file-type-icons\/pptx.svg\" \/>\n        <\/div>\n        <div class=\"media-body\">\n            <h3 class=\"media-heading\" style=\"padding-top: 0px;border:0px;margin: 0 0 5px 0;font-size:12pt;\">\n                <span style=\"font-weight: 700\">Pr\u00e9sentations du Forum CELI - CASA<\/span>\n                <span style=\"font-size:8pt;font-weight:300\" class=\"text-muted ml-4\">\n                    <i class=\"fas fa-hdd mr-1\"><\/i> 39.30 MB\n                <\/span>\n            <\/h3>\n            <p>Les b\u00e9n\u00e9ficiaires de nos subventions CELI m\u00e8nent des actions qui ont un impact significatif au sein de diverses communaut\u00e9s et ces t\u00e9moignages de r\u00e9ussite mettent en lumi\u00e8re la diff\u00e9rence concr\u00e8te que leurs programmes font sur le terrain. \u00c0 travers leurs pr\u00e9sentations, les b\u00e9n\u00e9ficiaires partagent leur vision de leurs initiatives, les d\u00e9fis qu\u2019ils ont surmont\u00e9s, ainsi que des exemples concrets illustrant comment les participants acqui\u00e8rent des comp\u00e9tences, gagnent en confiance et se cr\u00e9ent de nouvelles opportunit\u00e9s. Ces t\u00e9moignages refl\u00e8tent, dans leur ensemble, la valeur des approches ax\u00e9es sur la communaut\u00e9 et l\u2019impact durable de leur travail.<\/p>\n<div class=\"ms-outlook-mobile-reference-message skipProofing\" role=\"presentation\">\n<p><em>Notre \u00e9quipe (CASA) est fi\u00e8re de vous pr\u00e9senter la mani\u00e8re dont CELI contribue \u00e0 am\u00e9liorer la vie des personnes et \u00e0 renforcer les communaut\u00e9s sur toute la C\u00f4te-de-Gasp\u00e9 ! En \u00e9troite collaboration avec des partenaires locaux, nous offrons aux adultes des occasions de renforcer leur confiance en eux, d\u2019acqu\u00e9rir de nouvelles comp\u00e9tences et de renouer avec l\u2019apprentissage et l\u2019emploi. Les r\u00e9ussites sont au c\u0153ur de notre travail ; elles illustrent par des exemples concrets de d\u00e9veloppement personnel et d\u2019autonomisation l\u2019impact durable de la collaboration, des soutiens globaux et des liens communautaires. Nous d\u00e9montrons ensemble que des changements positifs se produisent lorsque les gens se sentent reconnus, soutenus et inspir\u00e9s.<\/em><\/p>\n<\/div>\n<div class=\"ms-outlook-mobile-reference-message skipProofing\" role=\"presentation\"><\/div>\n\n        <\/div>\n        <div class=\"ml-3\" align=\"right\">\n            <a href=\"https:\/\/celi-quebec.org\/fr\/download\/celi-forum-presentations-casa\/?wpdmdl=4311&refresh=69eb8e3c003251777045052\" class=\"btn-shortcode dt-btn-l dt-btn default-btn-color default-btn-hover-color default-btn-bg-color default-btn-bg-hover-color\" target=\"_blank\" id=\"dt-btn-2\" rel=\"noopener\"><span>T\u00e9l\u00e9charger<\/span><\/a>\n        <\/div>\n    <\/div>\n\n<\/div>\n<style>\n    .well.c2a3 .btn {\n        padding: 11px 30px;\n        font-size: 11pt;\n    }\n\n    .well.c2a3 .media-body {\n        font-size: 11pt;\n    }\n\n    .well.c2a3 .wpdm_icon {\n        height: 42px;\n        width: auto;\n    }<\/style>\n<\/div><div class='col-lg-12 col-md-6 col-6'><div class=\"celicust1\">\n    <div class=\"media\">\n        <div class=\"mr-3\" align=\"left\">\n            <img decoding=\"async\" class=\"wpdm_icon\" alt=\"Ic\u00f4ne\" src=\"https:\/\/celi-quebec.org\/wp-content\/plugins\/download-manager\/assets\/file-type-icons\/pdf.svg\" \/>\n        <\/div>\n        <div class=\"media-body\">\n            <h3 class=\"media-heading\" style=\"padding-top: 0px;border:0px;margin: 0 0 5px 0;font-size:12pt;\">\n                <span style=\"font-weight: 700\">Rapport de synth\u00e8se : Entretiens avec des informateurs cl\u00e9s - f\u00e9vrier 2023 (mis \u00e0 jour en octobre 2025)<\/span>\n                <span style=\"font-size:8pt;font-weight:300\" class=\"text-muted ml-4\">\n                    <i class=\"fas fa-hdd mr-1\"><\/i> 1.38 MB\n                <\/span>\n            <\/h3>\n            <p>Ce rapport r\u00e9sume les r\u00e9sultats des entretiens men\u00e9s aupr\u00e8s d\u2019informateurs cl\u00e9s au sein des organisations membres de Alphab\u00e9tisation Qu\u00e9bec au cours de l\u2019\u00e9t\u00e9 2022. Les conclusions s\u2019appuient \u00e0 la fois sur des donn\u00e9es quantitatives et qualitatives. L\u2019\u00e9tude a examin\u00e9 les besoins actuels et les capacit\u00e9s de prestation de services dans les diff\u00e9rentes r\u00e9gions et dans les domaines de l\u2019alphab\u00e9tisation en anglais et des comp\u00e9tences essentielles, dans le but de d\u00e9finir des mesures concr\u00e8tes pour l\u2019avenir. Parmi les principaux r\u00e9sultats, soulignons :<\/p>\n<ol>\n<li>Domaines prioritaires pour les projets pilotes et les th\u00e8mes de d\u00e9veloppement professionnel<\/li>\n<li>Lacunes existantes dans la prestation des services<\/li>\n<li>Possibilit\u00e9s de collaboration et de partenariats<\/li>\n<\/ol>\n\n        <\/div>\n        <div class=\"ml-3\" align=\"right\">\n            <a href=\"https:\/\/celi-quebec.org\/fr\/download\/summary-report-key-informant-interviews-february-2023-updated-october-2025\/?wpdmdl=4309&refresh=69eb8e3c015271777045052\" class=\"btn-shortcode dt-btn-l dt-btn default-btn-color default-btn-hover-color default-btn-bg-color default-btn-bg-hover-color\" target=\"_blank\" id=\"dt-btn-2\" rel=\"noopener\"><span>T\u00e9l\u00e9charger<\/span><\/a>\n        <\/div>\n    <\/div>\n\n<\/div>\n<style>\n    .well.c2a3 .btn {\n        padding: 11px 30px;\n        font-size: 11pt;\n    }\n\n    .well.c2a3 .media-body {\n        font-size: 11pt;\n    }\n\n    .well.c2a3 .wpdm_icon {\n        height: 42px;\n        width: auto;\n    }<\/style>\n<\/div><\/div>            <div style='clear:both'><\/div><div class='text-center'><ul class='pagination wpdm-pagination pagination-centered text-center'><\/ul><\/div><div style='clear:both'><\/div>        <\/div>\n\n        <div style='clear:both'><\/div>\n    <\/div>\n<\/div>\n[\/vc_column_text][\/vc_column][\/vc_row]<\/p>\n<\/div>","protected":false},"excerpt":{"rendered":"<p>[vc_row type=\u00a0\u00bbvc_default\u00a0\u00bb bg_type=\u00a0\u00bbbg_color\u00a0\u00bb bg_override=\u00a0\u00bbex-full\u00a0\u00bb bg_color_value=\u00a0\u00bb#F8F8F8&Prime;][vc_column][vc_column_text css=\u00a0\u00bb\u00a0\u00bb][\/vc_column_text][\/vc_column][\/vc_row]<\/p>\n","protected":false},"author":1,"featured_media":0,"parent":0,"menu_order":0,"comment_status":"closed","ping_status":"closed","template":"","meta":{"_monsterinsights_skip_tracking":false,"_monsterinsights_sitenote_active":false,"_monsterinsights_sitenote_note":"","_monsterinsights_sitenote_category":0,"footnotes":""},"class_list":["post-4298","page","type-page","status-publish","hentry","description-off"],"_links":{"self":[{"href":"https:\/\/celi-quebec.org\/fr\/wp-json\/wp\/v2\/pages\/4298","targetHints":{"allow":["GET"]}}],"collection":[{"href":"https:\/\/celi-quebec.org\/fr\/wp-json\/wp\/v2\/pages"}],"about":[{"href":"https:\/\/celi-quebec.org\/fr\/wp-json\/wp\/v2\/types\/page"}],"author":[{"embeddable":true,"href":"https:\/\/celi-quebec.org\/fr\/wp-json\/wp\/v2\/users\/1"}],"replies":[{"embeddable":true,"href":"https:\/\/celi-quebec.org\/fr\/wp-json\/wp\/v2\/comments?post=4298"}],"version-history":[{"count":2,"href":"https:\/\/celi-quebec.org\/fr\/wp-json\/wp\/v2\/pages\/4298\/revisions"}],"predecessor-version":[{"id":4307,"href":"https:\/\/celi-quebec.org\/fr\/wp-json\/wp\/v2\/pages\/4298\/revisions\/4307"}],"wp:attachment":[{"href":"https:\/\/celi-quebec.org\/fr\/wp-json\/wp\/v2\/media?parent=4298"}],"curies":[{"name":"wp","href":"https:\/\/api.w.org\/{rel}","templated":true}]}}